{"id":4523,"date":"2015-10-19T04:23:53","date_gmt":"2015-10-19T04:23:53","guid":{"rendered":"https:\/\/demo.thimpress.com\/eduma\/?page_id=12"},"modified":"2024-08-21T13:01:40","modified_gmt":"2024-08-21T13:01:40","slug":"accueil","status":"publish","type":"page","link":"https:\/\/edumontreal.ca\/fr\/","title":{"rendered":"Accueil"},"content":{"rendered":"<div class=\"wpb-content-wrapper\"><p>[vc_row full_width=&#8221;stretch_row_content_no_spaces&#8221;][vc_column][rev_slider_vc alias=&#8221;finance4&#8243;][vc_empty_space][\/vc_column][\/vc_row][vc_row css_animation=&#8221;flipInX&#8221; el_class=&#8221;thim-best-industry&#8221; css=&#8221;.vc_custom_1586687261376{margin-right: -2px !important;margin-left: -2px !important;}&#8221;][vc_column css_animation=&#8221;flipInX&#8221; width=&#8221;1\/3&#8243; css=&#8221;.vc_custom_1576494664531{margin-bottom: 30px !important;padding-right: 2px !important;padding-left: 2px !important;}&#8221;]<div class=\"thim-widget-icon-box template-base\"><div class=\"wrapper-box-icon has_custom_image has_read_more text-left overlay\" ><div class=\"smicon-box iconbox-left\" style=\"--icon-width: 135px;\"><div class=\"boxes-icon\"><span class=\"inner-icon\"><span class=\"icon icon-images\"><img loading=\"lazy\" decoding=\"async\" src=\"https:\/\/edumontreal.ca\/fr\/wp-content\/uploads\/2015\/10\/logo-top-1.png\" alt=\"logo-top-1\" title=\"logo-top-1\"  width=\"61\" height=\"52\"><\/span><\/span><\/span><\/div><div class=\"content-inner\"><div class=\"sc-heading article_heading\"><h3 class = \"heading__primary\" >Un mondeacad\u00e9miqued'excellence<\/h3><\/div><a class=\"smicon-read sc-btn\" target=\"_self\" href=\"https:\/\/edumontreal.ca\/fr\/pourquoi-etudier-au-canada-quels-programmes-sont-disponibles\/\"  style=\"--btn-text-color: #ffb606;--btn-text-color-hover:#ffb606;\" >Voir plus<i class=\"fa fa-chevron-right\"><\/i><\/a><\/div><\/div><\/div><\/div>[\/vc_column][vc_column css_animation=&#8221;flipInX&#8221; width=&#8221;1\/3&#8243; css=&#8221;.vc_custom_1576494685830{margin-bottom: 30px !important;padding-right: 2px !important;padding-left: 2px !important;}&#8221;]<div class=\"thim-widget-icon-box template-base\"><div class=\"wrapper-box-icon has_custom_image has_read_more text-left overlay\" ><div class=\"smicon-box iconbox-left\" style=\"--icon-width: 135px;\"><div class=\"boxes-icon\"><span class=\"inner-icon\"><span class=\"icon icon-images\"><img loading=\"lazy\" decoding=\"async\" src=\"https:\/\/edumontreal.ca\/fr\/wp-content\/uploads\/2015\/10\/logo-top-2.png\" alt=\"logo-top-2\" title=\"logo-top-2\"  width=\"66\" height=\"51\"><\/span><\/span><\/span><\/div><div class=\"content-inner\"><div class=\"sc-heading article_heading\"><h6 class = \"heading__primary\" >Internationalisation des institutions canadiennes<\/h6><\/div><a class=\"smicon-read sc-btn\" target=\"_self\" href=\"https:\/\/edumontreal.ca\/fr\/amener-les-programmes-detudes-canadiens-dans-la-region-mena\/\"  style=\"--btn-text-color: #ffb606;--btn-text-color-hover:#ffb606;\" >Voir plus<i class=\"fa fa-chevron-right\"><\/i><\/a><\/div><\/div><\/div><\/div>[\/vc_column][vc_column css_animation=&#8221;flipInX&#8221; width=&#8221;1\/3&#8243; css=&#8221;.vc_custom_1586687310832{margin-bottom: 30px !important;padding-right: 2px !important;padding-left: 2px !important;}&#8221;]<div class=\"thim-widget-icon-box template-base\"><div class=\"wrapper-box-icon has_custom_image has_read_more text-left overlay\" ><div class=\"smicon-box iconbox-left\" style=\"--icon-width: 135px;\"><div class=\"boxes-icon\"><a class=\"icon-box-link\" target=\"_self\" href=\"https:\/\/edumontreal.ca\/fr\/postulez-en-ligne-pour-etudier-au-canada\/\"><span class=\"inner-icon\"><span class=\"icon icon-images\"><img loading=\"lazy\" decoding=\"async\" src=\"https:\/\/edumontreal.ca\/fr\/wp-content\/uploads\/2015\/10\/logo-top-3.png\" alt=\"logo-top-3\" title=\"logo-top-3\"  width=\"59\" height=\"50\"><\/span><\/span><\/span><\/a><\/div><div class=\"content-inner\"><div class=\"sc-heading article_heading\"><h3 class = \"heading__primary\" >Commencez une nouvelle aventure d'apprentissage<\/h3><\/div><a class=\"smicon-read sc-btn\" target=\"_self\" href=\"https:\/\/edumontreal.ca\/fr\/postulez-en-ligne-pour-etudier-au-canada\/\"  style=\"--btn-text-color: #ffb606;--btn-text-color-hover:#ffb606;\" >Voir plus<i class=\"fa fa-chevron-right\"><\/i><\/a><\/div><\/div><\/div><\/div>[\/vc_column][\/vc_row][vc_row][vc_column][vc_text_separator title=&#8221;Postulez aujourd&#8217;hui, changez demain.&#8221; color=&#8221;black&#8221; style=&#8221;shadow&#8221; border_width=&#8221;3&#8243; el_width=&#8221;90&#8243; css_animation=&#8221;flipInX&#8221; el_class=&#8221;t23&#8243;][\/vc_column][\/vc_row][vc_row full_width=&#8221;stretch_row&#8221; css=&#8221;.vc_custom_1586600821867{background-image: url(https:\/\/edumontreal.ca\/wp-content\/uploads\/2020\/03\/ezgif.com-gif-maker-2.png?id=8976) !important;background-position: center !important;background-repeat: no-repeat !important;background-size: cover !important;}&#8221;][vc_column css_animation=&#8221;right-to-left&#8221;][vc_row_inner][vc_column_inner]<div class=\"vc-extral_class wpb_animate_when_almost_visible wpb_bottom-to-top bottom-to-top\"><div class=\"thim-widget-heading template-base\"><div class=\"sc_heading  text-left\"><h3 style=\"text-transform: uppercase;color:#ffffff;\" class=\"title\">Programmes<\/h3><span style=\"background-color:#a5a5a5\" class=\"line\"><\/span><\/div><\/div><\/div>[\/vc_column_inner][\/vc_row_inner][vc_row_inner css=&#8221;.vc_custom_1584888459648{margin-bottom: 10px !important;}&#8221;][vc_column_inner width=&#8221;1\/4&#8243;][vc_single_image image=&#8221;8458&#8243; img_size=&#8221;&#8221; alignment=&#8221;center&#8221; style=&#8221;vc_box_outline&#8221; onclick=&#8221;custom_link&#8221; css_animation=&#8221;zoomIn&#8221; el_class=&#8221;tarani&#8221; link=&#8221;https:\/\/edumontreal.ca\/fr\/programs-category\/ecoles\/&#8221;][\/vc_column_inner][vc_column_inner width=&#8221;1\/4&#8243;][vc_single_image image=&#8221;8457&#8243; img_size=&#8221;&#8221; alignment=&#8221;center&#8221; style=&#8221;vc_box_outline&#8221; onclick=&#8221;custom_link&#8221; css_animation=&#8221;zoomIn&#8221; el_class=&#8221;tarani&#8221; link=&#8221;https:\/\/edumontreal.ca\/fr\/programs-category\/universite\/&#8221;][\/vc_column_inner][vc_column_inner width=&#8221;1\/4&#8243;][vc_single_image image=&#8221;9164&#8243; img_size=&#8221;&#8221; alignment=&#8221;center&#8221; style=&#8221;vc_box_outline&#8221; onclick=&#8221;custom_link&#8221; css_animation=&#8221;zoomIn&#8221; el_class=&#8221;tarani&#8221; link=&#8221;https:\/\/edumontreal.ca\/fr\/programs-category\/diplomes\/&#8221;][\/vc_column_inner][vc_column_inner width=&#8221;1\/4&#8243;][vc_single_image image=&#8221;9163&#8243; img_size=&#8221;&#8221; alignment=&#8221;center&#8221; style=&#8221;vc_box_outline&#8221; onclick=&#8221;custom_link&#8221; css_animation=&#8221;zoomIn&#8221; el_class=&#8221;tarani&#8221; link=&#8221;https:\/\/edumontreal.ca\/fr\/programs-category\/certificats\/&#8221;][\/vc_column_inner][\/vc_row_inner][\/vc_column][\/vc_row][vc_row full_width=&#8221;stretch_row&#8221; parallax=&#8221;content-moving&#8221; parallax_image=&#8221;8746&#8243; css=&#8221;.vc_custom_1585213605777{margin-top: -30px !important;}&#8221;][vc_column][vc_empty_space][\/vc_column][\/vc_row][vc_row full_width=&#8221;stretch_row&#8221; parallax=&#8221;content-moving&#8221; parallax_image=&#8221;8782&#8243; parallax_speed_bg=&#8221;1.3&#8243; el_class=&#8221;thim-bg-overlay&#8221; css=&#8221;.vc_custom_1585213630104{margin-top: -30px !important;}&#8221;][vc_column css_animation=&#8221;fadeInLeft&#8221; width=&#8221;1\/2&#8243;][vc_raw_html]JTNDZGl2JTIwY2xhc3MlM0QlMjJ0aGltLWdldC0xMDBzJTIyJTNFJTBBJTNDcCUyMGNsYXNzJTNEJTIyZ2V0LTEwMHMlMjIlM0VFbiUyMGRpcmVjdCUyMGV0JTNDc3BhbiUyMGNsYXNzJTNEJTIydGhpbS1jb2xvciUyMiUzRSUyMCVDMyVBOXR1ZGllciUyMGRhbnMlM0MlMkZzcGFuJTNFJTNDJTJGcCUzRSUwQSUzQ2gyJTNFJTNDc3BhbiUyMHN0eWxlJTNEJTIyY29sb3IlM0FyZWQlM0IlMjIlM0VDYW4lM0MlMkZzcGFuJTNFYWRhJTNDJTJGaDIlM0UlMEElM0MlMkZkaXYlM0U=[\/vc_raw_html]<div class=\"thim-widget-countdown-box template-countdown-box\"><div class=\"text-left color-white\" id=\"coming-soon-counter69f6207105caa\"><\/div><script data-cfasync=\"true\" type=\"text\/javascript\">\n\t(function ($) {\n\t\t'use strict';\n\t\t$(document).ready(function () {\n\t\t\tif (jQuery().mbComingsoon) {\n\t\t\t\t$(\"#coming-soon-counter69f6207105caa\").mbComingsoon({\n\t\t\t\t\texpiryDate  : new Date('2025\/05\/01 09:00'),\n\t\t\t\t\tlocalization: {\n\t\t\t\t\t\tdays   : \"journ\u00e9es\",\n\t\t\t\t\t\thours  : \"heures\",\n\t\t\t\t\t\tminutes: \"minutes\",\n\t\t\t\t\t\tseconds: \"seconds\",\n\t\t\t\t\t},\n\t\t\t\t\tspeed       : 100,\n\t\t\t\t});\n\t\t\t\tsetTimeout(function () {\n\t\t\t\t\tjQuery(window).resize();\n\t\t\t\t}, 200);\n\t\t\t}\n\t\t});\n\t})(jQuery);\n<\/script><\/div>[\/vc_column][vc_column css_animation=&#8221;fadeInRight&#8221; width=&#8221;1\/2&#8243;][vc_raw_html]JTNDZGl2JTIwY2xhc3MlM0QlMjJ0aGltLXJlZ2lzdGVyLW5vdy1mb3JtJTIyJTNFJTBBJTNDaDMlMjBjbGFzcyUzRCUyMnRpdGxlJTIyJTNFJTNDc3BhbiUzRUNyJUMzJUE5ZXolMjB2b3RyZSUyMGNvbXB0ZSUyMGdyYXR1aXQlMjBtYWludGVuYW50JTIwZXQlMjBhY2MlQzMlQTlkZXolMjBpbW0lQzMlQTlkaWF0ZW1lbnQlMjAlQzMlQTAlMjBkZXMlMjBjZW50YWluZXMlMjBkZSUyMGNvdXJzJTIwZW4lMjBsaWduZS4lM0MlMkZzcGFuJTNFJTNDJTJGaDMlM0UlMEElNUJjb250YWN0LWZvcm0tNyUyMGlkJTNEJTIyODUlMjIlMjB0aXRsZSUzRCUyMkdldCUyMEl0JTIwTm93JTIyJTVEJTBBJTBBJTNDJTJGZGl2JTNFJTBBJTBBJTBB[\/vc_raw_html][\/vc_column][\/vc_row][vc_row css_animation=&#8221;fadeInRight&#8221;][vc_column css_animation=&#8221;fadeInDown&#8221;][vc_row_inner][vc_column_inner]<div class=\"thim-widget-heading template-base\"><div class=\"sc_heading  \"><h3 style=\"text-transform: uppercase;\" class=\"title\">\u00c9v\u00e9nements<\/h3><p class=\"sub-heading\" style=\"\">\u00c9v\u00e9nements \u00e9ducatifs \u00e0 venir pour nourrir votre cerveau.<\/p><span class=\"line\"><\/span><\/div><\/div>[\/vc_column_inner][\/vc_row_inner][vc_row_inner][vc_column_inner width=&#8221;1\/4&#8243;][vc_single_image image=&#8221;9025&#8243; img_size=&#8221;&#8221; alignment=&#8221;center&#8221; style=&#8221;vc_box_outline&#8221; border_color=&#8221;black&#8221; onclick=&#8221;custom_link&#8221; img_link_target=&#8221;_blank&#8221; link=&#8221;https:\/\/edumontreal.ca\/events\/happy-new-year-2016\/&#8221;][vc_custom_heading text=&#8221;Bonne ann\u00e9e 2016&#8243; font_container=&#8221;tag:h3|text_align:center&#8221; use_theme_fonts=&#8221;yes&#8221;][\/vc_column_inner][vc_column_inner width=&#8221;1\/4&#8243;][vc_single_image image=&#8221;9019&#8243; img_size=&#8221;&#8221; alignment=&#8221;center&#8221; style=&#8221;vc_box_outline&#8221; border_color=&#8221;black&#8221; onclick=&#8221;custom_link&#8221; img_link_target=&#8221;_blank&#8221; link=&#8221;https:\/\/edumontreal.ca\/events\/eduma-autumn-2016\/&#8221;][vc_custom_heading text=&#8221;Eduma Autumn<br \/>\n2016&#8243; font_container=&#8221;tag:h3|text_align:center&#8221; use_theme_fonts=&#8221;yes&#8221;][\/vc_column_inner][vc_column_inner width=&#8221;1\/4&#8243;][vc_single_image image=&#8221;9024&#8243; img_size=&#8221;&#8221; alignment=&#8221;center&#8221; style=&#8221;vc_box_outline&#8221; border_color=&#8221;black&#8221; onclick=&#8221;custom_link&#8221; img_link_target=&#8221;_blank&#8221; link=&#8221;https:\/\/edumontreal.ca\/events\/eduma-autumn-2015\/&#8221;][vc_custom_heading text=&#8221;Eduma Automne 2015&#8243; font_container=&#8221;tag:h3|text_align:center&#8221; use_theme_fonts=&#8221;yes&#8221;][\/vc_column_inner][vc_column_inner width=&#8221;1\/4&#8243;][vc_single_image image=&#8221;9026&#8243; img_size=&#8221;&#8221; alignment=&#8221;center&#8221; style=&#8221;vc_box_outline&#8221; border_color=&#8221;black&#8221; onclick=&#8221;custom_link&#8221; img_link_target=&#8221;_blank&#8221; link=&#8221;https:\/\/edumontreal.ca\/events\/summer-school-2015\/&#8221;][vc_custom_heading text=&#8221;\u00c9cole d&#8217;\u00e9t\u00e9 2015&#8243; font_container=&#8221;tag:h3|text_align:center&#8221; use_theme_fonts=&#8221;yes&#8221;][\/vc_column_inner][\/vc_row_inner][vc_btn title=&#8221;VOIR TOUS LES \u00c9V\u00c9NEMENTS&#8221; style=&#8221;3d&#8221; color=&#8221;black&#8221; align=&#8221;center&#8221; i_align=&#8221;right&#8221; i_icon_fontawesome=&#8221;fa fa-arrow-circle-o-right&#8221; css_animation=&#8221;flipInX&#8221; add_icon=&#8221;true&#8221; link=&#8221;url:https%3A%2F%2Fedumontreal.ca%2Ffr%2Fun-evenement%2F||target:%20_blank|&#8221;][\/vc_column][\/vc_row][vc_row full_width=&#8221;stretch_row&#8221; parallax=&#8221;content-moving&#8221; parallax_image=&#8221;5854&#8243; parallax_speed_bg=&#8221;1.3&#8243; el_class=&#8221;thim-bg-overlay&#8221; css=&#8221;.vc_custom_1584877134338{padding-top: 30px !important;padding-bottom: 85px !important;}&#8221;][vc_column css_animation=&#8221;fadeInDown&#8221;][vc_row_inner][vc_column_inner]<div class=\"thim-widget-heading template-base\"><div class=\"sc_heading  \"><h3 style=\"text-transform: uppercase;color:#ffffff;font-size:14px;\" class=\"title\">Derni\u00e8res nouvelles<\/h3><p class=\"sub-heading\" style=\"color:#ffffff;\">Actualit\u00e9s de l'\u00e9ducation dans le monde entier.<\/p><span style=\"background-color:#ffffff\" class=\"line\"><\/span><\/div><\/div>[\/vc_column_inner][\/vc_row_inner]<div class=\"thim-widget-carousel-post template-carousel-post\">\t<div class=\"thim-owl-carousel-post thim-carousel-wrapper\" data-visible=\"3\"\n\t\t data-pagination=\"0\"\n\t\t data-navigation=\"0\" data-autoplay=\"\">\n\t\t\t\t\t<div class=\"item\">\n\t\t\t\t\t\t\t\t<div class=\"image\">\n\t\t\t\t\t<a href=\"https:\/\/edumontreal.ca\/fr\/2018\/06\/21\/commencer-une-nouvelle-aventure-dapprentissage\/\">\n\t\t\t\t\t\t<img loading=\"lazy\" decoding=\"async\" src=\"https:\/\/edumontreal.ca\/fr\/wp-content\/uploads\/2018\/06\/download.jpg\" alt=\"COMMENCEZ UNE NOUVELLE AVENTURE D&#8217;APPRENTISSAGE\" title=\"download\"  width=\"282\" height=\"179\">\t\t\t\t\t<\/a>\n\t\t\t\t<\/div>\n\t\t\t\t<div class=\"content\">\n\t\t\t\t\t<div class=\"info\">\n\t\t\t\t\t\t<div class=\"author\">\n\t\t\t\t\t\t\t<span><\/span>\t\t\t\t\t\t<\/div>\n\t\t\t\t\t\t<div class=\"date\">\n\t\t\t\t\t\t\tJune 21, 2018\t\t\t\t\t\t<\/div>\n\t\t\t\t\t<\/div>\n\t\t\t\t\t<h4 class=\"title\">\n\t\t\t\t\t\t<a href=\"https:\/\/edumontreal.ca\/fr\/2018\/06\/21\/commencer-une-nouvelle-aventure-dapprentissage\/\">COMMENCEZ UNE NOUVELLE AVENTURE D&#8217;APPRENTISSAGE<\/a>\n\t\t\t\t\t<\/h4>\n\t\t\t\t<\/div>\n\t\t\t<\/div>\n\t\t\t\t\t<div class=\"item\">\n\t\t\t\t\t\t\t\t<div class=\"image\">\n\t\t\t\t\t<a href=\"https:\/\/edumontreal.ca\/fr\/2018\/06\/21\/un-monde-dexcellence-academique\/\">\n\t\t\t\t\t\t<img loading=\"lazy\" decoding=\"async\" src=\"https:\/\/edumontreal.ca\/fr\/wp-content\/uploads\/2018\/06\/course-2-450x267.jpg\" alt=\"UN MONDE ACAD\u00c9MIQUE D&#8217;EXCELLENCE\" title=\"course-2\"  width=\"450\" height=\"267\">\t\t\t\t\t<\/a>\n\t\t\t\t<\/div>\n\t\t\t\t<div class=\"content\">\n\t\t\t\t\t<div class=\"info\">\n\t\t\t\t\t\t<div class=\"author\">\n\t\t\t\t\t\t\t<span><\/span>\t\t\t\t\t\t<\/div>\n\t\t\t\t\t\t<div class=\"date\">\n\t\t\t\t\t\t\tJune 21, 2018\t\t\t\t\t\t<\/div>\n\t\t\t\t\t<\/div>\n\t\t\t\t\t<h4 class=\"title\">\n\t\t\t\t\t\t<a href=\"https:\/\/edumontreal.ca\/fr\/2018\/06\/21\/un-monde-dexcellence-academique\/\">UN MONDE ACAD\u00c9MIQUE D&#8217;EXCELLENCE<\/a>\n\t\t\t\t\t<\/h4>\n\t\t\t\t<\/div>\n\t\t\t<\/div>\n\t\t\t\t\t<div class=\"item\">\n\t\t\t\t\t\t\t\t<div class=\"image\">\n\t\t\t\t\t<a href=\"https:\/\/edumontreal.ca\/fr\/2018\/06\/21\/internationalisation-institutions-canadiennes\/\">\n\t\t\t\t\t\t<img loading=\"lazy\" decoding=\"async\" src=\"https:\/\/edumontreal.ca\/fr\/wp-content\/uploads\/2018\/06\/studying-blue--450x267.jpg\" alt=\"INTERNATIONALISATION DES INSTITUTIONS CANADIENNES\" title=\"Hispanic girl studying at desk\"  width=\"450\" height=\"267\">\t\t\t\t\t<\/a>\n\t\t\t\t<\/div>\n\t\t\t\t<div class=\"content\">\n\t\t\t\t\t<div class=\"info\">\n\t\t\t\t\t\t<div class=\"author\">\n\t\t\t\t\t\t\t<span><\/span>\t\t\t\t\t\t<\/div>\n\t\t\t\t\t\t<div class=\"date\">\n\t\t\t\t\t\t\tJune 21, 2018\t\t\t\t\t\t<\/div>\n\t\t\t\t\t<\/div>\n\t\t\t\t\t<h4 class=\"title\">\n\t\t\t\t\t\t<a href=\"https:\/\/edumontreal.ca\/fr\/2018\/06\/21\/internationalisation-institutions-canadiennes\/\">INTERNATIONALISATION DES INSTITUTIONS CANADIENNES<\/a>\n\t\t\t\t\t<\/h4>\n\t\t\t\t<\/div>\n\t\t\t<\/div>\n\t\t\t<\/div>\n\t<\/div>[\/vc_column][\/vc_row][vc_row][vc_column css_animation=&#8221;slideInLeft&#8221;][vc_row_inner][vc_column_inner]<div class=\"thim-widget-heading template-base\"><div class=\"sc_heading  text-center\"><h3 style=\"text-transform: uppercase;\" class=\"title\">Rencontrez notre \u00e9quipe<\/h3><\/div><\/div>[\/vc_column_inner][\/vc_row_inner]<div class=\"thim-widget-testimonials template-testimonials\">\n<div class=\"thim-testimonial-slider\" data-time=\"5000\" data-visible=\"5\" data-auto=\"0\" data-mousewheel=\"0\"><div class=\"item\"><div class=\"image\"><img loading=\"lazy\" decoding=\"async\" src=\"https:\/\/edumontreal.ca\/fr\/wp-content\/uploads\/2015\/11\/DSC_4887-1-100x100.jpg\" alt=\"DSC_4887 (1)\" title=\"DSC_4887 (1)\"  width=\"100\" height=\"100\" data-skip-lazy><\/div><div class=\"content\"><h3 class=\"title\">Sandra<\/h3><div class=\"regency\">PR Manager<\/div><div class=\"description\"><\/div><\/div><\/div><div class=\"item\"><div class=\"image\"><img loading=\"lazy\" decoding=\"async\" src=\"https:\/\/edumontreal.ca\/fr\/wp-content\/uploads\/2015\/11\/DSC_4877-1-100x100.jpg\" alt=\"DSC_4877 (1)\" title=\"DSC_4877 (1)\"  width=\"100\" height=\"100\" data-skip-lazy><\/div><div class=\"content\"><h3 class=\"title\">Hani<\/h3><div class=\"regency\">Director of Students <\/div><div class=\"description\"><\/div><\/div><\/div><div class=\"item\"><div class=\"image\"><img loading=\"lazy\" decoding=\"async\" src=\"https:\/\/edumontreal.ca\/fr\/wp-content\/uploads\/2015\/11\/DSC_4883-2-100x100.jpg\" alt=\"DSC_4883 (2)\" title=\"DSC_4883 (2)\"  width=\"100\" height=\"100\" data-skip-lazy><\/div><div class=\"content\"><h3 class=\"title\">Christine<\/h3><div class=\"regency\"><\/div><div class=\"description\"><\/div><\/div><\/div><div class=\"item\"><div class=\"image\"><img loading=\"lazy\" decoding=\"async\" src=\"https:\/\/edumontreal.ca\/fr\/wp-content\/uploads\/2015\/11\/DSC_4898-1-100x100.jpg\" alt=\"DSC_4898 (1)\" title=\"DSC_4898 (1)\"  width=\"100\" height=\"100\" data-skip-lazy><\/div><div class=\"content\"><h3 class=\"title\">Rojen Badawei<\/h3><div class=\"regency\">International Student Director<\/div><div class=\"description\"><\/div><\/div><\/div><div class=\"item\"><div class=\"image\"><img loading=\"lazy\" decoding=\"async\" src=\"https:\/\/edumontreal.ca\/fr\/wp-content\/uploads\/2015\/11\/DSC_4892-1-100x100.jpg\" alt=\"DSC_4892 (1)\" title=\"DSC_4892 (1)\"  width=\"100\" height=\"100\" data-skip-lazy><\/div><div class=\"content\"><h3 class=\"title\">Haidey Reda<\/h3><div class=\"regency\"> Responsible for presentation in Edu Montreal<\/div><div class=\"description\"><\/div><\/div><\/div><\/div>\n\n<\/div>[\/vc_column][\/vc_row]<\/p>\n<\/div>","protected":false},"excerpt":{"rendered":"<p>[vc_row full_width=&#8221;stretch_row_content_no_spaces&#8221;][vc_column][rev_slider_vc alias=&#8221;finance4&#8243;][vc_empty_space][\/vc_column][\/vc_row][vc_row css_animation=&#8221;flipInX&#8221; el_class=&#8221;thim-best-industry&#8221; css=&#8221;.vc_custom_1586687261376{margin-right: -2px !important;margin-left: -2px !important;}&#8221;][vc_column css_animation=&#8221;flipInX&#8221; width=&#8221;1\/3&#8243; css=&#8221;.vc_custom_1576494664531{margin-bottom: 30px !important;padding-right: 2px !important;padding-left: 2px !important;}&#8221;][\/vc_column][vc_column css_animation=&#8221;flipInX&#8221; width=&#8221;1\/3&#8243; css=&#8221;.vc_custom_1576494685830{margin-bottom: 30px !important;padding-right: 2px !important;padding-left: 2px !important;}&#8221;][\/vc_column][vc_column css_animation=&#8221;flipInX&#8221; width=&#8221;1\/3&#8243; css=&#8221;.vc_custom_1586687310832{margin-bottom: 30px !important;padding-right: 2px !important;padding-left: 2px !important;}&#8221;][\/vc_column][\/vc_row][vc_row][vc_column][vc_text_separator title=&#8221;Postulez aujourd&#8217;hui, changez &hellip; <\/p>\n","protected":false},"author":1,"featured_media":0,"parent":0,"menu_order":0,"comment_status":"closed","ping_status":"closed","template":"page-templates\/homepage.php","meta":{"_bbp_topic_count":0,"_bbp_reply_count":0,"_bbp_total_topic_count":0,"_bbp_total_reply_count":0,"_bbp_voice_count":0,"_bbp_anonymous_reply_count":0,"_bbp_topic_count_hidden":0,"_bbp_reply_count_hidden":0,"_bbp_forum_subforum_count":0,"footnotes":""},"class_list":["post-4523","page","type-page","status-publish","hentry"],"_links":{"self":[{"href":"https:\/\/edumontreal.ca\/fr\/wp-json\/wp\/v2\/pages\/4523"}],"collection":[{"href":"https:\/\/edumontreal.ca\/fr\/wp-json\/wp\/v2\/pages"}],"about":[{"href":"https:\/\/edumontreal.ca\/fr\/wp-json\/wp\/v2\/types\/page"}],"author":[{"embeddable":true,"href":"https:\/\/edumontreal.ca\/fr\/wp-json\/wp\/v2\/users\/1"}],"replies":[{"embeddable":true,"href":"https:\/\/edumontreal.ca\/fr\/wp-json\/wp\/v2\/comments?post=4523"}],"version-history":[{"count":2,"href":"https:\/\/edumontreal.ca\/fr\/wp-json\/wp\/v2\/pages\/4523\/revisions"}],"predecessor-version":[{"id":9692,"href":"https:\/\/edumontreal.ca\/fr\/wp-json\/wp\/v2\/pages\/4523\/revisions\/9692"}],"wp:attachment":[{"href":"https:\/\/edumontreal.ca\/fr\/wp-json\/wp\/v2\/media?parent=4523"}],"curies":[{"name":"wp","href":"https:\/\/api.w.org\/{rel}","templated":true}]}}