{"id":7986,"date":"2018-05-19T05:46:06","date_gmt":"2018-05-19T05:46:06","guid":{"rendered":"https:\/\/edumontreal.ca\/fr\/?page_id=7986"},"modified":"2020-04-12T09:47:52","modified_gmt":"2020-04-12T09:47:52","slug":"amener-les-programmes-detudes-canadiens-dans-la-region-mena","status":"publish","type":"page","link":"https:\/\/edumontreal.ca\/fr\/amener-les-programmes-detudes-canadiens-dans-la-region-mena\/","title":{"rendered":"Amener les programmes d&#8217;\u00e9tudes canadiens dans la r\u00e9gion MENA"},"content":{"rendered":"<div class=\"wpb-content-wrapper\"><p>[vc_row][vc_column][vc_column_text]<strong>Amener les programmes d&#8217;\u00e9tudes canadiens dans la r\u00e9gion MENA<\/strong><\/p>\n<p>Comme nous croyons fermement \u00e0 la mobilit\u00e9 des \u00e9tudiants, nous cherchons \u00e9galement \u00e0 introduire les programmes d&#8217;\u00e9tudes canadiens au Moyen-Orient et en Afrique du Nord. L&#8217;excellence canadienne en \u00e9ducation peut largement profiter \u00e0 cette r\u00e9gion, qui compte l&#8217;une des populations de jeunes les plus \u00e9lev\u00e9es au monde avec plus de 100 millions de personnes \u00e2g\u00e9es de 15 \u00e0 24 ans.<\/p>\n<p><strong>En favorisant l&#8217;internationalisation d&#8217;un curriculum, nous visons \u00e0 d\u00e9velopper les trois composantes essentielles suivantes:<\/strong><\/p>\n<ul>\n<li>\nPerspectives mondiales<\/li>\n<li>Communication interculturelle<\/li>\n<li>Responsabilit\u00e9 sociale.<\/li>\n<\/ul>\n<p>Si vous \u00eates un \u00e9tablissement d&#8217;enseignement ou universitaire souhaitant vous d\u00e9velopper au Moyen-Orient et en Afrique du Nord, veuillez envoyer un courriel \u00e0 admission@edumontreal.ca. Notre \u00e9quipe organisera une r\u00e9union avec vous pour discuter d&#8217;autres options.[\/vc_column_text][\/vc_column][\/vc_row]<\/p>\n<\/div>","protected":false},"excerpt":{"rendered":"<p>[vc_row][vc_column][vc_column_text]Amener les programmes d&#8217;\u00e9tudes canadiens dans la r\u00e9gion MENA Comme nous croyons fermement \u00e0 la mobilit\u00e9 des \u00e9tudiants, nous cherchons \u00e9galement \u00e0 introduire les programmes d&#8217;\u00e9tudes canadiens au Moyen-Orient et en Afrique du Nord. L&#8217;excellence canadienne en \u00e9ducation peut largement &hellip; <\/p>\n","protected":false},"author":1,"featured_media":0,"parent":0,"menu_order":0,"comment_status":"closed","ping_status":"closed","template":"","meta":{"_bbp_topic_count":0,"_bbp_reply_count":0,"_bbp_total_topic_count":0,"_bbp_total_reply_count":0,"_bbp_voice_count":0,"_bbp_anonymous_reply_count":0,"_bbp_topic_count_hidden":0,"_bbp_reply_count_hidden":0,"_bbp_forum_subforum_count":0,"footnotes":""},"class_list":["post-7986","page","type-page","status-publish","hentry"],"_links":{"self":[{"href":"https:\/\/edumontreal.ca\/fr\/wp-json\/wp\/v2\/pages\/7986"}],"collection":[{"href":"https:\/\/edumontreal.ca\/fr\/wp-json\/wp\/v2\/pages"}],"about":[{"href":"https:\/\/edumontreal.ca\/fr\/wp-json\/wp\/v2\/types\/page"}],"author":[{"embeddable":true,"href":"https:\/\/edumontreal.ca\/fr\/wp-json\/wp\/v2\/users\/1"}],"replies":[{"embeddable":true,"href":"https:\/\/edumontreal.ca\/fr\/wp-json\/wp\/v2\/comments?post=7986"}],"version-history":[{"count":0,"href":"https:\/\/edumontreal.ca\/fr\/wp-json\/wp\/v2\/pages\/7986\/revisions"}],"wp:attachment":[{"href":"https:\/\/edumontreal.ca\/fr\/wp-json\/wp\/v2\/media?parent=7986"}],"curies":[{"name":"wp","href":"https:\/\/api.w.org\/{rel}","templated":true}]}}