{"id":7988,"date":"2018-05-19T05:48:57","date_gmt":"2018-05-19T05:48:57","guid":{"rendered":"https:\/\/edumontreal.ca\/fr\/?page_id=7988"},"modified":"2020-04-12T09:47:33","modified_gmt":"2020-04-12T09:47:33","slug":"postulez-en-ligne-pour-etudier-au-canada","status":"publish","type":"page","link":"https:\/\/edumontreal.ca\/fr\/postulez-en-ligne-pour-etudier-au-canada\/","title":{"rendered":"Postulez en ligne pour \u00e9tudier au Canada"},"content":{"rendered":"<div class=\"wpb-content-wrapper\"><p>[vc_row][vc_column][vc_column_text]Postulez en ligne pour \u00e9tudier au Canada<br \/>\nCommencez votre demande \u00e0: <a href=\"http:\/\/application.edumontreal.ca\">http:\/\/application.edumontreal.ca<\/a><br \/>\nEnvoyez-nous un courriel \u00e0: <a href=\"mailto:admission@edumontreal.ca\">admission@edumontreal.ca<\/a><\/p>\n<p><strong>Le processus d&#8217;admission se d\u00e9roulera comme suit:<\/strong><\/p>\n<p><strong>Phase I (Candidat \u00e9tudiant)<\/strong><\/p>\n<ol>\n<li><strong>Processus d&#8217;inscription<\/strong><\/li>\n<li>Les \u00e9tudiants doivent ouvrir un compte \u00e0 leur nom \u00e0:<\/li>\n<li><a href=\"http:\/\/www.application.edumontreal.ca\">www.application.edumontreal.ca<\/a><br \/>\nUn courriel de confirmation et de v\u00e9rification vous sera envoy\u00e9 par l&#8217;Institut \u00c9ducatif de Montr\u00e9al. Veuillez acc\u00e9der au lien d&#8217;activation pour activer votre compte. Une fois votre compte v\u00e9rifi\u00e9, vous pourrez acc\u00e9der \u00e0 votre page et remplir la demande de programme.<\/li>\n<\/ol>\n<p><strong>Recevez un e-mail informatif utile<\/strong><\/p>\n<p>Un e-mail vous sera envoy\u00e9 une fois la v\u00e9rification effectu\u00e9e et contiendra:<br \/>\nLiens cl\u00e9s vers votre compte<br \/>\nD\u00e9tails des programmes que vous pouvez choisir<br \/>\nCanaux de communication avec l&#8217;Institut \u00c9ducatif de Montr\u00e9al<br \/>\nRemplissez votre demande de programme pr\u00e9f\u00e9r\u00e9e<br \/>\nUne fois connect\u00e9 \u00e0 votre compte en ligne, vous pourrez voir l&#8217;application du programme. Vous devrez le remplir et vous assurer d&#8217;\u00e9crire toutes les donn\u00e9es dans le format correct et EXACTEMENT comme indiqu\u00e9 sur vos documents officiels.<br \/>\nLes \u00e9tudiants doivent t\u00e9l\u00e9charger des copies num\u00e9ris\u00e9es des documents ci-dessous et les joindre \u00e0 la demande de programme en ligne. Les documents requis sont:<br \/>\nPolitique de remboursement et d&#8217;annulation sign\u00e9e pour les \u00e9tudes internationales (politique de remboursement du programme fran\u00e7ais, politique de remboursement du programme anglais)<br \/>\nPhotocopies du certificat \/ dipl\u00f4me \/ dipl\u00f4me du plus haut niveau de scolarit\u00e9 atteint (les documents doivent \u00eatre en anglais \/ fran\u00e7ais ou traduits en anglais \/ fran\u00e7ais)<br \/>\nPhotocopie de la preuve de comp\u00e9tence en anglais (IELTS ou certificat scolaire valide \u00e0 condition que l&#8217;anglais soit la langue principale (ou 75%) de l&#8217;enseignement. Veuillez noter que cela n&#8217;est pas requis en cas de cours de langue.<br \/>\nPhotocopie des relev\u00e9s de notes (les documents doivent \u00eatre en anglais \/ fran\u00e7ais ou traduits en anglais \/ fran\u00e7ais)<br \/>\nDocuments justifiant l&#8217;exp\u00e9rience de travail, le cas \u00e9ch\u00e9ant.<br \/>\nCopie num\u00e9ris\u00e9e de la page de bio-donn\u00e9es de votre passeport valide.<br \/>\nVeuillez enregistrer, imprimer et soumettre votre candidature.<br \/>\nVeuillez noter que la demande ne sera PAS trait\u00e9e si vous ne passez pas \u00e0 l&#8217;\u00e9tape 4 &#8220;Paiement des frais de demande en ligne&#8221;.<br \/>\nPaiement des frais de dossier des \u00e9tudiants internationaux<br \/>\nUn formulaire en ligne appara\u00eetra et vous serez invit\u00e9 \u00e0 payer, \u00e0 l&#8217;aide d&#8217;une carte de cr\u00e9dit, les frais de d\u00e9p\u00f4t de programme international requis. Veuillez vous assurer de conserver une copie de confirmation de votre paiement.<br \/>\nVeuillez noter que votre demande de programme ne sera pas examin\u00e9e tant que le paiement du d\u00e9p\u00f4t de la demande n&#8217;aura pas \u00e9t\u00e9 effectu\u00e9 et v\u00e9rifi\u00e9.<br \/>\nRecevez la confirmation de paiement et postez les documents originaux<br \/>\nUn e-mail de confirmation de paiement vous sera envoy\u00e9 une fois le paiement effectu\u00e9.<br \/>\nLe courriel contiendra l&#8217;adresse postale de l&#8217;Institut \u00c9ducatif de Montr\u00e9al o\u00f9 les \u00e9tudiants doivent poster les documents originaux par \u00abFedex \/ Aramex \/ UPS \/ DHL\u00bb \u00e0 l&#8217;adresse suivante:<\/p>\n<p>Institut \u00c9ducatif de Montr\u00e9al<br \/>\n925 Rue De Maisonneuve Ouest,<br \/>\nSuite # 210,<br \/>\nMontr\u00e9al, Qu\u00e9bec H3A 0A5<br \/>\nCanada<\/p>\n<p>Document \u00e0 envoyer par la poste:<\/p>\n<p>Dossier de candidature compl\u00e9t\u00e9, imprim\u00e9 et sign\u00e9 pour \u00e9tudier \u00e0 l&#8217;\u00e9tablissement universitaire<br \/>\nPolitique de remboursement et d&#8217;annulation sign\u00e9e pour les \u00e9tudes internationales<br \/>\nCertificat \/ dipl\u00f4me \/ dipl\u00f4me d&#8217;origine du plus haut niveau d&#8217;\u00e9tudes atteint (les documents doivent \u00eatre en anglais \/ fran\u00e7ais ou traduits en anglais \/ fran\u00e7ais)<br \/>\nPhotocopie de la preuve de comp\u00e9tence en anglais (IELTS ou certificat scolaire valide) (non requise en cas de cours de langue)<br \/>\nRelev\u00e9s de notes originaux de l&#8217;\u00e9cole ou de l&#8217;universit\u00e9 (les documents doivent \u00eatre en anglais \/ fran\u00e7ais ou traduits en anglais \/ fran\u00e7ais)<br \/>\nDocuments justifiant l&#8217;exp\u00e9rience de travail, le cas \u00e9ch\u00e9ant<br \/>\nPhotocopie de la page de bio-donn\u00e9es du passeport en cours de validit\u00e9<\/p>\n<p>Veuillez v\u00e9rifier votre compte de demande d&#8217;\u00e9tudiant r\u00e9guli\u00e8rement pour voir quand commencerez la phase II.<br \/>\nUne fois les documents originaux re\u00e7us, le processus d&#8217;examen commencera. En cas de documents manquants, un email vous sera envoy\u00e9. Votre demande ne sera PAS trait\u00e9e tant que tous les documents originaux n&#8217;auront pas \u00e9t\u00e9 envoy\u00e9s par courrier et v\u00e9rifi\u00e9s.<\/p>\n<p>Phase II (examen des demandes et frais de scolarit\u00e9)<\/p>\n<p>Examen et \u00e9valuation des demandes<br \/>\nL&#8217;Institut \u00c9ducatif de Montr\u00e9al examinera la demande et les pi\u00e8ces justificatives.<br \/>\nSi le demandeur n&#8217;est pas accept\u00e9, un e-mail lui sera envoy\u00e9 pour l&#8217;informer des motifs du refus. Cet e-mail d\u00e9taill\u00e9 clarifiera le point faible du fichier ou tout document manquant n\u00e9cessaire. L&#8217;e-mail comprendra \u00e9galement la demande de remboursement.<br \/>\nSi le demandeur est accept\u00e9, EduMontreal g\u00e9n\u00e9rera une lettre d&#8217;acceptation de pr\u00e9-admission au demandeur avec les informations n\u00e9cessaires sur les frais de scolarit\u00e9 et le processus et les options de paiement.<br \/>\nPaiement des frais de scolarit\u00e9<br \/>\nL&#8217;\u00e9tudiant doit se connecter \u00e0 son compte et s\u00e9lectionner une option de paiement pour les frais de scolarit\u00e9.<br \/>\nLettre d&#8217;acceptation<br \/>\nUne fois les frais de scolarit\u00e9 pay\u00e9s et re\u00e7us, la lettre d&#8217;acceptation sera \u00e9mise et envoy\u00e9e \u00e0 votre adresse e-mail. De plus, une copie papier sera envoy\u00e9e \u00e0 votre adresse postale. L&#8217;e-mail comprendra:<br \/>\nLettre d&#8217;acceptation<br \/>\nRe\u00e7u indiquant le montant re\u00e7u (frais pay\u00e9s)<\/p>\n<p>Phase III (processus de visa \u00e9tudiant et arriv\u00e9e au Canada)<\/p>\n<p>Recevez le document CAQ et le processus de visa par courriel<br \/>\nInstitut \u00c9<\/p>\n<p>Recevez le document CAQ et le processus de visa par courriel<br \/>\nL\u2019Institut \u00c9ducatif de Montr\u00e9al fera une demande en votre nom pour obtenir le Certificat d\u2019acceptation du Qu\u00e9bec \u00abCAQ\u00bb et couvrira \u00e9galement ses frais. Une fois cela fait, un courriel vous sera envoy\u00e9 avec la lettre CAQ \u00e0 pr\u00e9senter \u00e0 l&#8217;ambassade du Canada &#8211; Demande de visa \u00e9tudiant.<br \/>\nUn courriel sera envoy\u00e9 \u00e0 l&#8217;\u00e9tudiant avec les \u00e9tapes requises pour demander le visa \u00e9tudiant \u00e0 l&#8217;ambassade du Canada selon le pays de citoyennet\u00e9.<br \/>\nLien vers le site Web de l&#8217;ambassade du Canada<br \/>\nLien vers tous les formulaires \u00e0 remplir<br \/>\nProcessus de prise de rendez-vous pour un visa si n\u00e9cessaire<br \/>\nAppliquer et planifier un rendez-vous de visa \u00e9tudiant<br \/>\nVeuillez remplir tous les documents requis conform\u00e9ment aux exigences envoy\u00e9es par courriel avant de vous rendre \u00e0 l&#8217;ambassade du Canada.<br \/>\nCertificat d&#8217;acceptation du Qu\u00e9bec (CAQ) que vous avez re\u00e7u<br \/>\nInformation familiale<br \/>\nPreuve de moyens de soutien financier<br \/>\nPasseport ou document de voyage<br \/>\nPhoto digitale<br \/>\nLettre d&#8217;acceptation que vous avez re\u00e7ue<br \/>\nApr\u00e8s avoir t\u00e9l\u00e9charg\u00e9 tous vos documents, vous devrez peut-\u00eatre toujours vous rendre \u00e0 l&#8217;ambassade du Canada pour pr\u00e9senter les papiers officiels et remettre votre passeport pour obtenir votre visa \u00e9tudiant.<br \/>\nR\u00e9sultats du visa \u00e9tudiant<br \/>\nApr\u00e8s avoir termin\u00e9 le rendez-vous Visa \u00e9tudiant, l&#8217;agent vous informera des r\u00e9sultats de votre demande de visa \u00e9tudiant<br \/>\nEn cas d&#8217;acceptation, veuillez t\u00e9l\u00e9charger une copie de votre visa d\u00e9livr\u00e9 sur votre compte en ligne EduMontreal<br \/>\nEn cas de refus, veuillez t\u00e9l\u00e9charger le document de refus et traiter votre demande de remboursement<br \/>\n&nbsp;<\/p>\n<p>Acceptation et orientation<br \/>\nUne fois la copie de votre visa \u00e9tudiant re\u00e7ue, un e-mail contenant les informations suivantes vous sera envoy\u00e9:<br \/>\nGuide d&#8217;orientation du Canada et liens utiles<br \/>\nKit de soutien \u00e0 l&#8217;h\u00e9bergement<br \/>\nKit de support bancaire<br \/>\nDemande de ramassage \u00e0 l&#8217;a\u00e9roport<\/p>\n<p style=\"text-align: center;\">\n<strong>Bienvenue au Canada!<\/strong><\/p>\n<p>[\/vc_column_text][\/vc_column][\/vc_row]<\/p>\n<\/div>","protected":false},"excerpt":{"rendered":"<p>[vc_row][vc_column][vc_column_text]Postulez en ligne pour \u00e9tudier au Canada Commencez votre demande \u00e0: http:\/\/application.edumontreal.ca Envoyez-nous un courriel \u00e0: admission@edumontreal.ca Le processus d&#8217;admission se d\u00e9roulera comme suit: Phase I (Candidat \u00e9tudiant) Processus d&#8217;inscription Les \u00e9tudiants doivent ouvrir un compte \u00e0 leur nom \u00e0: &hellip; <\/p>\n","protected":false},"author":1,"featured_media":0,"parent":0,"menu_order":0,"comment_status":"closed","ping_status":"closed","template":"","meta":{"_bbp_topic_count":0,"_bbp_reply_count":0,"_bbp_total_topic_count":0,"_bbp_total_reply_count":0,"_bbp_voice_count":0,"_bbp_anonymous_reply_count":0,"_bbp_topic_count_hidden":0,"_bbp_reply_count_hidden":0,"_bbp_forum_subforum_count":0,"footnotes":""},"class_list":["post-7988","page","type-page","status-publish","hentry"],"_links":{"self":[{"href":"https:\/\/edumontreal.ca\/fr\/wp-json\/wp\/v2\/pages\/7988"}],"collection":[{"href":"https:\/\/edumontreal.ca\/fr\/wp-json\/wp\/v2\/pages"}],"about":[{"href":"https:\/\/edumontreal.ca\/fr\/wp-json\/wp\/v2\/types\/page"}],"author":[{"embeddable":true,"href":"https:\/\/edumontreal.ca\/fr\/wp-json\/wp\/v2\/users\/1"}],"replies":[{"embeddable":true,"href":"https:\/\/edumontreal.ca\/fr\/wp-json\/wp\/v2\/comments?post=7988"}],"version-history":[{"count":0,"href":"https:\/\/edumontreal.ca\/fr\/wp-json\/wp\/v2\/pages\/7988\/revisions"}],"wp:attachment":[{"href":"https:\/\/edumontreal.ca\/fr\/wp-json\/wp\/v2\/media?parent=7988"}],"curies":[{"name":"wp","href":"https:\/\/api.w.org\/{rel}","templated":true}]}}