{"id":8727,"date":"2020-03-22T08:08:33","date_gmt":"2020-03-22T08:08:33","guid":{"rendered":"https:\/\/edumontreal.ca\/fr\/?page_id=8727"},"modified":"2023-05-09T12:50:02","modified_gmt":"2023-05-09T12:50:02","slug":"phase","status":"publish","type":"page","link":"https:\/\/edumontreal.ca\/fr\/phase\/","title":{"rendered":"Phase I"},"content":{"rendered":"<div class=\"wpb-content-wrapper\"><p>[vc_row][vc_column][vc_column_text]<\/p>\n<article id=\"post-7970\" class=\"post-7970 page type-page status-publish hentry\">\n<div class=\"entry-content\">\n<div class=\"vc_row wpb_row vc_row-fluid\">\n<div class=\"wpb_column vc_column_container vc_col-sm-12\">\n<div class=\"vc_column-inner \">\n<div class=\"wpb_wrapper\">\n<div class=\"vc_tta-container\" data-vc-action=\"collapse\">\n<div class=\"vc_general vc_tta vc_tta-tabs vc_tta-color-grey vc_tta-style-classic vc_tta-shape-rounded vc_tta-spacing-1 vc_tta-tabs-position-top vc_tta-controls-align-left\">\n<div class=\"vc_tta-panels-container\">\n<div class=\"vc_tta-panels\">\n<div id=\"1530378568432-da5d7c2c-6462\" class=\"vc_tta-panel vc_active\" data-vc-content=\".vc_tta-panel-body\">\n<div class=\"vc_tta-panel-body\">\n<div class=\"wpb_text_column wpb_content_element \">\n<div class=\"wpb_wrapper\">\n<p><strong>1-Processus d&#8217;inscription:<\/strong><\/p>\n<ul>\n<li>Les \u00e9tudiants doivent ouvrir un compte \u00e0 leur nom \u00e0: <a href=\"http:\/\/www.application.edumontreal.ca\">www.application.edumontreal.ca<\/a><\/li>\n<li>n courriel de confirmation et de v\u00e9rification vous sera envoy\u00e9 par l&#8217;Institut \u00c9ducatif de Montr\u00e9al. Veuillez acc\u00e9der au lien d&#8217;activation pour activer votre compte. Une fois votre compte v\u00e9rifi\u00e9, vous pourrez acc\u00e9der \u00e0 votre page et remplir la demande de programme.<\/li>\n<\/ul>\n<p><strong>2-Recevez un email informatif utile:<\/strong><\/p>\n<ul>\n<li>Un e-mail vous sera envoy\u00e9 une fois la v\u00e9rification effectu\u00e9e et contiendra:<\/li>\n<li>Liens cl\u00e9s vers votre compte.<\/li>\n<li>D\u00e9tails des programmes que vous pouvez choisir.<\/li>\n<li>Canaux de communication avec l&#8217;Institut \u00c9ducatif de Montr\u00e9al.<\/li>\n<\/ul>\n<p><strong>Remplissez votre demande de programme pr\u00e9f\u00e9r\u00e9:<\/strong><\/p>\n<p>1- Une fois connect\u00e9 \u00e0 votre compte en ligne, vous pourrez voir l&#8217;application du programme. Vous devrez le remplir et vous assurer d&#8217;\u00e9crire toutes les donn\u00e9es dans le format correct et EXACTEMENT comme indiqu\u00e9 sur vos documents officiels.<\/p>\n<p>2- Les \u00e9tudiants doivent t\u00e9l\u00e9charger des copies num\u00e9ris\u00e9es des documents ci-dessous et les joindre \u00e0 la demande de programme en ligne. Les documents <strong>requis sont:<\/strong><\/p>\n<ul>\n<li>Politique de remboursement et d&#8217;annulation sign\u00e9e pour les \u00e9tudes internationales (politique de remboursement du programme fran\u00e7ais,<\/li>\n<li>politique de remboursement du programme anglais).<\/li>\n<li>Photocopies du certificat \/ dipl\u00f4me \/ dipl\u00f4me du plus haut niveau de scolarit\u00e9 atteint (les documents doivent \u00eatre en anglais \/ fran\u00e7ais ou traduits en anglais \/ fran\u00e7ais).<\/li>\n<li>Photocopie de la preuve de comp\u00e9tence en anglais (IELTS ou certificat scolaire valide \u00e0 condition que l&#8217;anglais soit la langue principale (ou 75%) de l&#8217;enseignement. Veuillez noter que cela n&#8217;est pas requis en cas de cours de langue.<\/li>\n<li>Photocopie des relev\u00e9s de notes (les documents doivent \u00eatre en anglais \/ fran\u00e7ais ou traduits en anglais \/ fran\u00e7ais).<br \/>\nDocuments justifiant l&#8217;exp\u00e9rience de travail, le cas \u00e9ch\u00e9ant.<br \/>\nCopie num\u00e9ris\u00e9e de la page de bio-donn\u00e9es de votre passeport valide.<br \/>\n<strong>Remarque:<\/strong><br \/>\nVeuillez enregistrer, imprimer et soumettre votre candidature.<br \/>\nVeuillez noter que la demande ne sera PAS trait\u00e9e si vous ne passez pas \u00e0 l&#8217;\u00e9tape 4 \u00abPaiement des frais de demande en ligne\u00bb.<\/li>\n<li>\n<strong>Paiement des frais de dossier des \u00e9tudiants internationaux:<\/strong><br \/>\nUn formulaire en ligne appara\u00eetra et vous serez invit\u00e9 \u00e0 payer, \u00e0 l&#8217;aide d&#8217;une carte de cr\u00e9dit, les frais de d\u00e9p\u00f4t de programme international requis. Veuillez vous assurer de conserver une copie de confirmation de votre paiement.<br \/>\nVeuillez noter que votre demande de programme ne sera pas examin\u00e9e tant que le paiement du d\u00e9p\u00f4t de la demande n&#8217;aura pas \u00e9t\u00e9 effectu\u00e9 et v\u00e9rifi\u00e9.<\/li>\n<\/ul>\n<p>Recevez la confirmation de paiement et postez les documents originaux:<br \/>\nUn e-mail de confirmation de paiement vous sera envoy\u00e9 une fois le paiement effectu\u00e9.<br \/>\nLe courriel contiendra l&#8217;adresse postale de l&#8217;Institut \u00c9ducatif de Montr\u00e9al o\u00f9 les \u00e9tudiants doivent poster les documents originaux par \u00abFedex \/ Aramex \/ UPS \/ DHL\u00bb \u00e0 l&#8217;adresse suivante:<\/p>\n<p>Institut \u00c9ducatif de Montr\u00e9al<br \/>\n925 Rue De Maisonneuve Ouest,<br \/>\nSuite # 210,<br \/>\nMontr\u00e9al, Qu\u00e9bec H3A 0A5<br \/>\nCanada<\/p>\n<p>Document \u00e0 envoyer par la poste:<br \/>\nDossier de candidature compl\u00e9t\u00e9, imprim\u00e9 et sign\u00e9 pour \u00e9tudier \u00e0 l&#8217;institution universitaire.<br \/>\nPolitique de remboursement et d&#8217;annulation sign\u00e9e pour les \u00e9tudes internationales.<br \/>\nCertificat \/ dipl\u00f4me \/ dipl\u00f4me original du plus haut niveau de scolarit\u00e9 atteint (les documents doivent \u00eatre en anglais \/ fran\u00e7ais ou traduits en anglais \/ fran\u00e7ais).<br \/>\nPhotocopie de la preuve de comp\u00e9tence en anglais (IELTS ou certificat scolaire valide) (non requise en cas de cours de langue).<br \/>\nRelev\u00e9s de notes originaux de l&#8217;\u00e9cole ou de l&#8217;universit\u00e9 (les documents doivent \u00eatre en anglais \/ fran\u00e7ais ou traduits en anglais \/ fran\u00e7ais).<br \/>\nDocuments justifiant l&#8217;exp\u00e9rience de travail, le cas \u00e9ch\u00e9ant.<br \/>\nPhotocopie de la page de bio-donn\u00e9es du passeport en cours de validit\u00e9.<\/p>\n<p>Remarque:<\/p>\n<p>Veuillez v\u00e9rifier votre compte de demande d&#8217;\u00e9tudiant r\u00e9guli\u00e8rement pour voir quand commencerez la phase II.<br \/>\nUne fois les documents originaux re\u00e7us, le processus d&#8217;examen commencera. En cas de documents manquants, un email vous sera envoy\u00e9. Votre demande ne sera PAS trait\u00e9e tant que tous les documents originaux n&#8217;auront pas \u00e9t\u00e9 envoy\u00e9s par courrier et v\u00e9rifi\u00e9s.<\/p>\n<\/div>\n<\/div>\n<\/div>\n<\/div>\n<\/div>\n<\/div>\n<\/div>\n<\/div>\n<\/div>\n<\/div>\n<\/div>\n<\/div>\n<\/div>\n<\/article>\n<p>[\/vc_column_text][\/vc_column][\/vc_row]<\/p>\n<\/div>","protected":false},"excerpt":{"rendered":"<p>[vc_row][vc_column][vc_column_text] 1-Processus d&#8217;inscription: Les \u00e9tudiants doivent ouvrir un compte \u00e0 leur nom \u00e0: www.application.edumontreal.ca n courriel de confirmation et de v\u00e9rification vous sera envoy\u00e9 par l&#8217;Institut \u00c9ducatif de Montr\u00e9al. Veuillez acc\u00e9der au lien d&#8217;activation pour activer votre compte. Une fois &hellip; <\/p>\n","protected":false},"author":1,"featured_media":0,"parent":0,"menu_order":0,"comment_status":"closed","ping_status":"closed","template":"","meta":{"_bbp_topic_count":0,"_bbp_reply_count":0,"_bbp_total_topic_count":0,"_bbp_total_reply_count":0,"_bbp_voice_count":0,"_bbp_anonymous_reply_count":0,"_bbp_topic_count_hidden":0,"_bbp_reply_count_hidden":0,"_bbp_forum_subforum_count":0,"footnotes":""},"class_list":["post-8727","page","type-page","status-publish","hentry"],"_links":{"self":[{"href":"https:\/\/edumontreal.ca\/fr\/wp-json\/wp\/v2\/pages\/8727"}],"collection":[{"href":"https:\/\/edumontreal.ca\/fr\/wp-json\/wp\/v2\/pages"}],"about":[{"href":"https:\/\/edumontreal.ca\/fr\/wp-json\/wp\/v2\/types\/page"}],"author":[{"embeddable":true,"href":"https:\/\/edumontreal.ca\/fr\/wp-json\/wp\/v2\/users\/1"}],"replies":[{"embeddable":true,"href":"https:\/\/edumontreal.ca\/fr\/wp-json\/wp\/v2\/comments?post=8727"}],"version-history":[{"count":0,"href":"https:\/\/edumontreal.ca\/fr\/wp-json\/wp\/v2\/pages\/8727\/revisions"}],"wp:attachment":[{"href":"https:\/\/edumontreal.ca\/fr\/wp-json\/wp\/v2\/media?parent=8727"}],"curies":[{"name":"wp","href":"https:\/\/api.w.org\/{rel}","templated":true}]}}