{"id":8733,"date":"2020-03-22T08:12:10","date_gmt":"2020-03-22T08:12:10","guid":{"rendered":"https:\/\/edumontreal.ca\/fr\/?page_id=8733"},"modified":"2023-05-09T12:52:08","modified_gmt":"2023-05-09T12:52:08","slug":"phase-2","status":"publish","type":"page","link":"https:\/\/edumontreal.ca\/fr\/phase-2\/","title":{"rendered":"Phase II"},"content":{"rendered":"<div class=\"wpb-content-wrapper\"><p>[vc_row][vc_column][vc_column_text]<strong>Examen et \u00e9valuation des demandes:<\/strong><\/p>\n<ul>\n<li>\nL&#8217;Institut \u00c9ducatif de Montr\u00e9al examinera la demande et les pi\u00e8ces justificatives.<br \/>\nSi le demandeur n&#8217;est pas accept\u00e9, un e-mail lui sera envoy\u00e9 pour l&#8217;informer des motifs du refus. Cet e-mail d\u00e9taill\u00e9 clarifiera le point faible du fichier ou tout document manquant n\u00e9cessaire. L&#8217;e-mail comprendra \u00e9galement la demande de remboursement.<\/li>\n<li>Si le demandeur est accept\u00e9, EduMontreal g\u00e9n\u00e9rera une lettre d&#8217;acceptation de pr\u00e9-admission au demandeur avec les informations n\u00e9cessaires sur les frais de scolarit\u00e9 et le processus et les options de paiement.<\/li>\n<\/ul>\n<p><strong>Paiement des frais de scolarit\u00e9:<\/strong><\/p>\n<ul>\n<li>\nL&#8217;\u00e9tudiant doit se connecter \u00e0 son compte et s\u00e9lectionner une option de paiement pour les frais de scolarit\u00e9.<\/li>\n<\/ul>\n<p><strong>Lettre d&#8217;acceptation:<\/strong><\/p>\n<ul>\n<li>\nUne fois les frais de scolarit\u00e9 pay\u00e9s et re\u00e7us, la lettre d&#8217;acceptation sera \u00e9mise et envoy\u00e9e \u00e0 votre adresse e-mail. De plus, une copie papier sera envoy\u00e9e \u00e0 votre adresse postale. L&#8217;e-mail comprendra:<\/li>\n<li>Lettre d&#8217;acceptation<\/li>\n<li>Re\u00e7u indiquant le montant re\u00e7u (frais pay\u00e9s)<\/li>\n<\/ul>\n<p>[\/vc_column_text][\/vc_column][\/vc_row]<\/p>\n<\/div>","protected":false},"excerpt":{"rendered":"<p>[vc_row][vc_column][vc_column_text]Examen et \u00e9valuation des demandes: L&#8217;Institut \u00c9ducatif de Montr\u00e9al examinera la demande et les pi\u00e8ces justificatives. Si le demandeur n&#8217;est pas accept\u00e9, un e-mail lui sera envoy\u00e9 pour l&#8217;informer des motifs du refus. Cet e-mail d\u00e9taill\u00e9 clarifiera le point faible &hellip; <\/p>\n","protected":false},"author":1,"featured_media":0,"parent":0,"menu_order":0,"comment_status":"closed","ping_status":"closed","template":"","meta":{"_bbp_topic_count":0,"_bbp_reply_count":0,"_bbp_total_topic_count":0,"_bbp_total_reply_count":0,"_bbp_voice_count":0,"_bbp_anonymous_reply_count":0,"_bbp_topic_count_hidden":0,"_bbp_reply_count_hidden":0,"_bbp_forum_subforum_count":0,"footnotes":""},"class_list":["post-8733","page","type-page","status-publish","hentry"],"_links":{"self":[{"href":"https:\/\/edumontreal.ca\/fr\/wp-json\/wp\/v2\/pages\/8733"}],"collection":[{"href":"https:\/\/edumontreal.ca\/fr\/wp-json\/wp\/v2\/pages"}],"about":[{"href":"https:\/\/edumontreal.ca\/fr\/wp-json\/wp\/v2\/types\/page"}],"author":[{"embeddable":true,"href":"https:\/\/edumontreal.ca\/fr\/wp-json\/wp\/v2\/users\/1"}],"replies":[{"embeddable":true,"href":"https:\/\/edumontreal.ca\/fr\/wp-json\/wp\/v2\/comments?post=8733"}],"version-history":[{"count":0,"href":"https:\/\/edumontreal.ca\/fr\/wp-json\/wp\/v2\/pages\/8733\/revisions"}],"wp:attachment":[{"href":"https:\/\/edumontreal.ca\/fr\/wp-json\/wp\/v2\/media?parent=8733"}],"curies":[{"name":"wp","href":"https:\/\/api.w.org\/{rel}","templated":true}]}}