{"id":8735,"date":"2020-03-22T08:15:40","date_gmt":"2020-03-22T08:15:40","guid":{"rendered":"https:\/\/edumontreal.ca\/fr\/?page_id=8735"},"modified":"2023-05-09T12:53:01","modified_gmt":"2023-05-09T12:53:01","slug":"phase-3","status":"publish","type":"page","link":"https:\/\/edumontreal.ca\/fr\/phase-3\/","title":{"rendered":"Phase III"},"content":{"rendered":"<div class=\"wpb-content-wrapper\"><p>[vc_row][vc_column][vc_column_text]<\/p>\n<article id=\"post-7970\" class=\"post-7970 page type-page status-publish hentry\"><strong>Recevez le document CAQ et le processus de visa par courriel:<\/strong><\/p>\n<ul>\n<li>\nL\u2019Institut \u00c9ducatif de Montr\u00e9al fera une demande en votre nom pour obtenir le Certificat d\u2019acceptation du Qu\u00e9bec \u00abCAQ\u00bb et couvrira \u00e9galement ses frais. Une fois cela fait, un courriel vous sera envoy\u00e9 avec la lettre CAQ \u00e0 pr\u00e9senter \u00e0 l&#8217;ambassade du Canada &#8211; Demande de visa \u00e9tudiant.<\/li>\n<li>Un courriel sera envoy\u00e9 \u00e0 l&#8217;\u00e9tudiant avec les \u00e9tapes requises pour demander le visa \u00e9tudiant \u00e0 l&#8217;ambassade du Canada selon le pays de citoyennet\u00e9.<\/li>\n<li>Lien vers le site Web de l&#8217;ambassade du Canada<\/li>\n<li>Lien vers tous les formulaires \u00e0 remplir<\/li>\n<li>Processus de prise de rendez-vous pour un visa si n\u00e9cessaire<\/li>\n<\/ul>\n<p><strong>Appliquer et planifier un rendez-vous de visa \u00e9tudiant:<\/strong><\/p>\n<ul>\n<li>\nVeuillez remplir tous les documents requis conform\u00e9ment aux exigences envoy\u00e9es par courriel avant de vous rendre \u00e0 l&#8217;ambassade du Canada.<br \/>\nCertificat d&#8217;acceptation du Qu\u00e9bec (CAQ) que vous avez re\u00e7u<\/li>\n<li>Information familiale<\/li>\n<li>Preuve de moyens de soutien financier<\/li>\n<li>Passeport ou document de voyage<\/li>\n<li>Photo digitale<\/li>\n<li>Lettre d&#8217;acceptation que vous avez re\u00e7ue<\/li>\n<\/ul>\n<p><strong>Apr\u00e8s avoir t\u00e9l\u00e9charg\u00e9 tous vos documents, il se peut que vous deviez vous rendre \u00e0 l&#8217;ambassade du Canada pour pr\u00e9senter les papiers officiels et remettre votre passeport pour obtenir votre visa \u00e9tudiant.<\/strong><\/p>\n<p><strong>R\u00e9sultats du visa \u00e9tudiant:<\/strong><\/p>\n<ul>\n<li>Apr\u00e8s avoir termin\u00e9 le rendez-vous Visa \u00e9tudiant, l&#8217;agent vous informera des r\u00e9sultats de votre demande de visa \u00e9tudiant<\/li>\n<li>En cas d&#8217;acceptation, veuillez t\u00e9l\u00e9charger une copie de votre visa d\u00e9livr\u00e9 sur votre compte en ligne EduMontreal<\/li>\n<li>En cas de refus, veuillez t\u00e9l\u00e9charger le document de refus et traiter votre demande de remboursement<\/li>\n<\/ul>\n<p><strong>Acceptation et orientation:<\/strong><\/p>\n<p>Une fois la copie de votre visa \u00e9tudiant re\u00e7ue, un e-mail contenant les informations suivantes vous sera envoy\u00e9:<\/p>\n<ul>\n<li>Guide d&#8217;orientation du Canada et liens utiles<\/li>\n<li>Kit de soutien \u00e0 l&#8217;h\u00e9bergement<\/li>\n<li>Kit de support bancaire<\/li>\n<li>Demande de ramassage \u00e0 l&#8217;a\u00e9roport<\/li>\n<\/ul>\n<p style=\"text-align: center;\">\n<strong>Bienvenue au Canada!<\/strong><\/p>\n<\/article>\n<p>[\/vc_column_text][\/vc_column][\/vc_row]<\/p>\n<\/div>","protected":false},"excerpt":{"rendered":"<p>[vc_row][vc_column][vc_column_text] Recevez le document CAQ et le processus de visa par courriel: L\u2019Institut \u00c9ducatif de Montr\u00e9al fera une demande en votre nom pour obtenir le Certificat d\u2019acceptation du Qu\u00e9bec \u00abCAQ\u00bb et couvrira \u00e9galement ses frais. Une fois cela fait, un &hellip; <\/p>\n","protected":false},"author":1,"featured_media":0,"parent":0,"menu_order":0,"comment_status":"closed","ping_status":"closed","template":"","meta":{"_bbp_topic_count":0,"_bbp_reply_count":0,"_bbp_total_topic_count":0,"_bbp_total_reply_count":0,"_bbp_voice_count":0,"_bbp_anonymous_reply_count":0,"_bbp_topic_count_hidden":0,"_bbp_reply_count_hidden":0,"_bbp_forum_subforum_count":0,"footnotes":""},"class_list":["post-8735","page","type-page","status-publish","hentry"],"_links":{"self":[{"href":"https:\/\/edumontreal.ca\/fr\/wp-json\/wp\/v2\/pages\/8735"}],"collection":[{"href":"https:\/\/edumontreal.ca\/fr\/wp-json\/wp\/v2\/pages"}],"about":[{"href":"https:\/\/edumontreal.ca\/fr\/wp-json\/wp\/v2\/types\/page"}],"author":[{"embeddable":true,"href":"https:\/\/edumontreal.ca\/fr\/wp-json\/wp\/v2\/users\/1"}],"replies":[{"embeddable":true,"href":"https:\/\/edumontreal.ca\/fr\/wp-json\/wp\/v2\/comments?post=8735"}],"version-history":[{"count":0,"href":"https:\/\/edumontreal.ca\/fr\/wp-json\/wp\/v2\/pages\/8735\/revisions"}],"wp:attachment":[{"href":"https:\/\/edumontreal.ca\/fr\/wp-json\/wp\/v2\/media?parent=8735"}],"curies":[{"name":"wp","href":"https:\/\/api.w.org\/{rel}","templated":true}]}}