{"id":9032,"date":"2020-03-26T07:55:29","date_gmt":"2020-03-26T07:55:29","guid":{"rendered":"https:\/\/edumontreal.ca\/fr\/?page_id=9032"},"modified":"2020-04-12T10:13:25","modified_gmt":"2020-04-12T10:13:25","slug":"un-evenement","status":"publish","type":"page","link":"https:\/\/edumontreal.ca\/fr\/un-evenement\/","title":{"rendered":"\u00c9v\u00e9nements"},"content":{"rendered":"<div class=\"wpb-content-wrapper\"><p>[vc_row css_animation=&#8221;fadeInRight&#8221;][vc_column css_animation=&#8221;fadeInDown&#8221;][vc_row_inner][vc_column_inner width=&#8221;1\/4&#8243; css=&#8221;.vc_custom_1585211516055{background-color: #e2e2e2 !important;}&#8221;][vc_single_image image=&#8221;9025&#8243; img_size=&#8221;&#8221; alignment=&#8221;center&#8221; style=&#8221;vc_box_outline&#8221; border_color=&#8221;black&#8221; onclick=&#8221;custom_link&#8221; img_link_target=&#8221;_blank&#8221; link=&#8221;https:\/\/edumontreal.ca\/fr\/events\/happy-new-year-2016\/&#8221;][vc_custom_heading text=&#8221;Bonne ann\u00e9e 2016<br \/>\n&#8221; font_container=&#8221;tag:h3|text_align:center&#8221; use_theme_fonts=&#8221;yes&#8221;][\/vc_column_inner][vc_column_inner width=&#8221;1\/4&#8243; css=&#8221;.vc_custom_1585211765164{background-color: #b7b7b7 !important;}&#8221;][vc_single_image image=&#8221;9019&#8243; img_size=&#8221;&#8221; alignment=&#8221;center&#8221; style=&#8221;vc_box_outline&#8221; border_color=&#8221;black&#8221; onclick=&#8221;custom_link&#8221; img_link_target=&#8221;_blank&#8221; link=&#8221;https:\/\/edumontreal.ca\/fr\/events\/eduma-autumn-2016\/&#8221;][vc_custom_heading text=&#8221;Eduma Autumn<br \/>\n2016&#8243; font_container=&#8221;tag:h3|text_align:center&#8221; use_theme_fonts=&#8221;yes&#8221;][\/vc_column_inner][vc_column_inner width=&#8221;1\/4&#8243; css=&#8221;.vc_custom_1585211534188{background-color: #e2e2e2 !important;}&#8221;][vc_single_image image=&#8221;9024&#8243; img_size=&#8221;&#8221; alignment=&#8221;center&#8221; style=&#8221;vc_box_outline&#8221; border_color=&#8221;black&#8221; onclick=&#8221;custom_link&#8221; img_link_target=&#8221;_blank&#8221; link=&#8221;https:\/\/edumontreal.ca\/fr\/events\/eduma-autumn-2015\/&#8221;][vc_custom_heading text=&#8221;Eduma Autumn 2015&#8243; font_container=&#8221;tag:h3|text_align:center&#8221; use_theme_fonts=&#8221;yes&#8221;][\/vc_column_inner][vc_column_inner width=&#8221;1\/4&#8243; css=&#8221;.vc_custom_1585211783156{background-color: #b7b7b7 !important;}&#8221;][vc_single_image image=&#8221;9026&#8243; img_size=&#8221;&#8221; alignment=&#8221;center&#8221; style=&#8221;vc_box_outline&#8221; border_color=&#8221;black&#8221; onclick=&#8221;custom_link&#8221; img_link_target=&#8221;_blank&#8221; link=&#8221;https:\/\/edumontreal.ca\/fr\/events\/summer-school-2015\/&#8221;][vc_custom_heading text=&#8221;\u00c9cole d&#8217;\u00e9t\u00e9<br \/>\n2015<br \/>\n&#8221; font_container=&#8221;tag:h3|text_align:center&#8221; use_theme_fonts=&#8221;yes&#8221;][\/vc_column_inner][\/vc_row_inner][vc_row_inner css=&#8221;.vc_custom_1585211839270{margin-top: -29px !important;}&#8221;][vc_column_inner width=&#8221;1\/4&#8243; css=&#8221;.vc_custom_1585211805558{background-color: #b7b7b7 !important;}&#8221;][vc_single_image image=&#8221;9040&#8243; img_size=&#8221;&#8221; alignment=&#8221;center&#8221; style=&#8221;vc_box_outline&#8221; border_color=&#8221;black&#8221; onclick=&#8221;custom_link&#8221; img_link_target=&#8221;_blank&#8221; link=&#8221;https:\/\/edumontreal.ca\/fr\/events\/good-intentions-or-good-results\/&#8221;][vc_custom_heading text=&#8221;R\u00e9union internationale canadienne \u00e0 l&#8217;AUC<br \/>\n&#8221; font_container=&#8221;tag:h3|text_align:center&#8221; use_theme_fonts=&#8221;yes&#8221;][\/vc_column_inner][vc_column_inner width=&#8221;1\/4&#8243; css=&#8221;.vc_custom_1585211558725{background-color: #e2e2e2 !important;}&#8221;][vc_single_image image=&#8221;9039&#8243; img_size=&#8221;&#8221; alignment=&#8221;center&#8221; style=&#8221;vc_box_outline&#8221; border_color=&#8221;black&#8221; onclick=&#8221;custom_link&#8221; img_link_target=&#8221;_blank&#8221; link=&#8221;https:\/\/edumontreal.ca\/fr\/events\/education-autumn-tour-2018\/&#8221;][vc_custom_heading text=&#8221;\u00c9ducation Automne<br \/>\nTour<br \/>\n2018<br \/>\n&#8221; font_container=&#8221;tag:h3|text_align:center&#8221; use_theme_fonts=&#8221;yes&#8221;][\/vc_column_inner][vc_column_inner width=&#8221;1\/4&#8243; css=&#8221;.vc_custom_1585211818061{background-color: #b7b7b7 !important;}&#8221;][vc_single_image image=&#8221;9025&#8243; img_size=&#8221;&#8221; alignment=&#8221;center&#8221; style=&#8221;vc_box_outline&#8221; border_color=&#8221;black&#8221; onclick=&#8221;custom_link&#8221; img_link_target=&#8221;_blank&#8221; link=&#8221;https:\/\/edumontreal.ca\/fr\/events\/elegant-light-box-paper-cut-dioramas-1\/&#8221;][vc_custom_heading text=&#8221;Dioramas \u00e9l\u00e9gants en papier<br \/>\nd\u00e9coup\u00e9<br \/>\n&#8221; font_container=&#8221;tag:h3|text_align:center&#8221; use_theme_fonts=&#8221;yes&#8221;][\/vc_column_inner][vc_column_inner width=&#8221;1\/4&#8243; css=&#8221;.vc_custom_1585211578028{background-color: #e2e2e2 !important;}&#8221;][vc_single_image image=&#8221;9041&#8243; img_size=&#8221;&#8221; alignment=&#8221;center&#8221; style=&#8221;vc_box_outline&#8221; border_color=&#8221;black&#8221; onclick=&#8221;custom_link&#8221; img_link_target=&#8221;_blank&#8221; link=&#8221;https:\/\/edumontreal.ca\/fr\/events\/build-education-website-using-wordpress\/&#8221;][vc_custom_heading text=&#8221;Cr\u00e9er un site Web \u00e9ducatif \u00e0 l&#8217;aide de WordPress<br \/>\n&#8221; font_container=&#8221;tag:h3|text_align:center&#8221; use_theme_fonts=&#8221;yes&#8221;][\/vc_column_inner][\/vc_row_inner][\/vc_column][\/vc_row]<\/p>\n<\/div>","protected":false},"excerpt":{"rendered":"<p>[vc_row css_animation=&#8221;fadeInRight&#8221;][vc_column css_animation=&#8221;fadeInDown&#8221;][vc_row_inner][vc_column_inner width=&#8221;1\/4&#8243; css=&#8221;.vc_custom_1585211516055{background-color: #e2e2e2 !important;}&#8221;][vc_single_image image=&#8221;9025&#8243; img_size=&#8221;&#8221; alignment=&#8221;center&#8221; style=&#8221;vc_box_outline&#8221; border_color=&#8221;black&#8221; onclick=&#8221;custom_link&#8221; img_link_target=&#8221;_blank&#8221; link=&#8221;https:\/\/edumontreal.ca\/fr\/events\/happy-new-year-2016\/&#8221;][vc_custom_heading text=&#8221;Bonne ann\u00e9e 2016 &#8221; font_container=&#8221;tag:h3|text_align:center&#8221; use_theme_fonts=&#8221;yes&#8221;][\/vc_column_inner][vc_column_inner width=&#8221;1\/4&#8243; css=&#8221;.vc_custom_1585211765164{background-color: #b7b7b7 !important;}&#8221;][vc_single_image image=&#8221;9019&#8243; img_size=&#8221;&#8221; alignment=&#8221;center&#8221; style=&#8221;vc_box_outline&#8221; border_color=&#8221;black&#8221; onclick=&#8221;custom_link&#8221; img_link_target=&#8221;_blank&#8221; link=&#8221;https:\/\/edumontreal.ca\/fr\/events\/eduma-autumn-2016\/&#8221;][vc_custom_heading text=&#8221;Eduma Autumn 2016&#8243; font_container=&#8221;tag:h3|text_align:center&#8221; use_theme_fonts=&#8221;yes&#8221;][\/vc_column_inner][vc_column_inner width=&#8221;1\/4&#8243; css=&#8221;.vc_custom_1585211534188{background-color: &hellip; <\/p>\n","protected":false},"author":1,"featured_media":0,"parent":0,"menu_order":0,"comment_status":"closed","ping_status":"closed","template":"","meta":{"_bbp_topic_count":0,"_bbp_reply_count":0,"_bbp_total_topic_count":0,"_bbp_total_reply_count":0,"_bbp_voice_count":0,"_bbp_anonymous_reply_count":0,"_bbp_topic_count_hidden":0,"_bbp_reply_count_hidden":0,"_bbp_forum_subforum_count":0,"footnotes":""},"class_list":["post-9032","page","type-page","status-publish","hentry"],"_links":{"self":[{"href":"https:\/\/edumontreal.ca\/fr\/wp-json\/wp\/v2\/pages\/9032"}],"collection":[{"href":"https:\/\/edumontreal.ca\/fr\/wp-json\/wp\/v2\/pages"}],"about":[{"href":"https:\/\/edumontreal.ca\/fr\/wp-json\/wp\/v2\/types\/page"}],"author":[{"embeddable":true,"href":"https:\/\/edumontreal.ca\/fr\/wp-json\/wp\/v2\/users\/1"}],"replies":[{"embeddable":true,"href":"https:\/\/edumontreal.ca\/fr\/wp-json\/wp\/v2\/comments?post=9032"}],"version-history":[{"count":0,"href":"https:\/\/edumontreal.ca\/fr\/wp-json\/wp\/v2\/pages\/9032\/revisions"}],"wp:attachment":[{"href":"https:\/\/edumontreal.ca\/fr\/wp-json\/wp\/v2\/media?parent=9032"}],"curies":[{"name":"wp","href":"https:\/\/api.w.org\/{rel}","templated":true}]}}