{"id":91,"date":"2015-10-22T03:26:46","date_gmt":"2015-10-22T03:26:46","guid":{"rendered":"https:\/\/demo.thimpress.com\/eduma\/?page_id=91"},"modified":"2020-04-13T10:50:38","modified_gmt":"2020-04-13T10:50:38","slug":"faqs","status":"publish","type":"page","link":"https:\/\/edumontreal.ca\/fr\/faqs\/","title":{"rendered":"FAQs"},"content":{"rendered":"<div class=\"wpb-content-wrapper\"><p>[vc_row css_animation=&#8221;fadeInLeft&#8221; css=&#8221;.vc_custom_1576575582042{padding-top: 30px !important;}&#8221;][vc_column]<div class=\"thim-widget-heading template-base\"><div class=\"sc_heading  text-center\"><h3 style=\"text-transform: uppercase;\" class=\"title\">Questions fr\u00e9quemment pos\u00e9es<\/h3><p class=\"sub-heading\" style=\"\">R\u00e9pondez \u00e0 toutes vos questions<br \/>\n<\/p><\/div><\/div>[\/vc_column][\/vc_row][vc_row full_width=&#8221;stretch_row&#8221;][vc_column width=&#8221;1\/2&#8243; css=&#8221;.vc_custom_1565469859719{padding-right: 17px !important;}&#8221;][vc_tta_accordion style=&#8221;outline&#8221; color=&#8221;blue&#8221; spacing=&#8221;15&#8243; gap=&#8221;10&#8243; autoplay=&#8221;3&#8243; c_icon=&#8221;chevron&#8221; c_position=&#8221;right&#8221; active_section=&#8221;&#8221; css_animation=&#8221;fadeInUp&#8221; collapsible_all=&#8221;true&#8221; title=&#8221;Informations g\u00e9n\u00e9rales&#8221;][vc_tta_section title=&#8221;Pourquoi \u00e9tudier au Canada?&#8221; tab_id=&#8221;1471069040084-8d396222-72d6&#8243;][vc_raw_html]TGUlMjBDYW5hZGElMjBvZmZyZSUyMHVuZSUyMCVDMyVBOWR1Y2F0aW9uJTIwZGUlMjB0ciVDMyVBOHMlMjBoYXV0ZSUyMHF1YWxpdCVDMyVBOSUyMGF2ZWMlMjBkZXMlMjBmcmFpcyUyMGRlJTIwc2NvbGFyaXQlQzMlQTklMjBmYWlibGVzJTIwcGFyJTIwcmFwcG9ydCUyMCVDMyVBMCUyMGQlMjdhdXRyZXMlMjBwYXlzJTJDJTIwZW4lMjBwbHVzJTIwcXVlJTIwbGUlMjBDYW5hZGElMjBzb2l0JTIwdW4lMjBwYXlzJTIwYmlsaW5ndWUlMkMlMjB2b3VzJTIwcG91dmV6JTIwZG9uYyUyMGFtJUMzJUE5bGlvcmVyJTIwdm90cmUlMjBtYSVDMyVBRXRyaXNlJTIwZGVzJTIwZGV1eCUyMGxhbmd1ZXMlMkMlMjBhbmdsYWlzJTIwZXQlMjBmcmFuJUMzJUE3YWlzLiUwQSUwQSUzQyUyRmIlM0UlMjAlM0NiciUzRSUwQVVuZSUyMCVDMyVBOWR1Y2F0aW9uJTIwZGUlMjBxdWFsaXQlQzMlQTklMjAlQzMlQTAlMjB1biUyMHByaXglMjBhYm9yZGFibGUlMjAlM0MlMkZiJTNFJTIwJTNDYnIlM0UlMEFVbmUlMjBzb2NpJUMzJUE5dCVDMyVBOSUyMG11bHRpY3VsdHVyZWxsZSUyMCUzQyUyRmIlM0UlMjAlM0NiciUzRSUwQUV4Y2VsbGVudCUyMHN0eWxlJTIwZGUlMjB2aWUlMjBldCUyMGNvbW11bmF1dCVDMyVBOXMlMjBzJUMzJUJCcmVzJTIwJTNDJTJGYiUzRSUyMCUzQ2JyJTNFJTBBJTNDYSUyMGhyZWYlM0QlMjJodHRwcyUzQSUyRiUyRnd3dy5jYW5hZGEuY2ElMkZmciUyRmltbWlncmF0aW9uLXJlZnVnZWVzLWNpdGl6ZW5zaGlwJTJGc2VydmljZXMlMkZzdHVkeS1jYW5hZGElMkZ3b3JrJTJGaW50ZXJuLmh0bWwlMjIlM0UlMjBQb3NzaWJpbGl0JUMzJUE5cyUyMGRlJTIwdHJhdmFpbCUyMCUzQyUyRmIlM0UlMjAlM0NiciUzRSUwQSUzQ2ElMjBocmVmJTNEJTIyaHR0cHMlM0ElMkYlMkZ3d3cuY2FuYWRhLmNhJTJGZnIlMkZpbW1pZ3JhdGlvbi1yZWZ1Z2Vlcy1jaXRpemVuc2hpcCUyRnNlcnZpY2VzJTJGaW1taWdyYXRlLWNhbmFkYS5odG1sJTIyJTNFJTIwT3Bwb3J0dW5pdCVDMyVBOSUyMGQlMjdpbW1pZ3JhdGlvbiUyMCUzQyUyRmIlM0UlMjAlM0NiciUzRQ==[\/vc_raw_html][\/vc_tta_section][vc_tta_section title=&#8221;De quel type de documentation et de qualifications aurai-je besoin pour demander un visa \u00e9tudiant au Canada?&#8221; tab_id=&#8221;1471069040102-10c5a0ab-2ece&#8221;][vc_raw_html]LSUyMEFzc3VyYW5jZSUyMG1hbGFkaWUlMjAlM0MlMkZ1bCUzRSUwQSVDMiVBMCVDMiVBMCVDMiVBMCVDMiVBMCVDMiVBMCUyMC0lMjBDQVElMjAlMjhFZHVNb250cmVhbCUyOSUyMCUzQyUyRmxpJTNFJTBBJUMyJUEwJUMyJUEwJUMyJUEwJUMyJUEwJUMyJUEwJTIwJTNDJTJGdWwlM0UlMjAtUHJldXZlJTIwZCUyN2FjY2VwdGF0aW9uJTIwZXQlMjBkJTI3aW5zY3JpcHRpb24lMjAlQzMlQTAlMjB1biUyMCVDMyVBOXRhYmxpc3NlbWVudCUyMGQlMjdlbnNlaWduZW1lbnQlMjBhY2NyJUMzJUE5ZGl0JUMzJUE5JTIwYXUlMjBDYW5hZGElM0IlMEElQzIlQTAlQzIlQTAlQzIlQTAlQzIlQTAlQzIlQTAlMjAtUGFzc2Vwb3J0JTIwJTJGJTIwZG9jdW1lbnQlMjBkZSUyMHZveWFnZSUyMHZhbGlkZSUyMGV0JTIwZm91cm5pciUyMHVuZSUyMHByZXV2ZSUyMGRlJTIwc291dGllbiUyMGZpbmFuY2llciUzQiUwQSVDMiVBMCVDMiVBMCVDMiVBMCVDMiVBMCVDMiVBMCUyMC0lMjBMaWVucyUyMGF2ZWMlMjBsZXVyJTIwcGF5cyUyMGQlMjdvcmlnaW5lJTIwZXQlMjBwcmV1dmUlMjBkZSUyMGxldXIlMjBpbnRlbnRpb24lMjBkZSUyMHF1aXR0ZXIlMjBsZSUyMENhbmFkYSUyMCVDMyVBMCUyMGxhJTIwZmluJTIwZGUlMjBsZXVycyUyMCVDMyVBOXR1ZGVzLiUwQSVDMiVBMCVDMiVBMCVDMiVBMCVDMiVBMCUyMC1FbiUyMG91dHJlJTJDJTIwbGVzJTIwJUMzJUE5dHVkaWFudHMlMjBkb2l2ZW50JTIwYXZvaXIlMjBsYSUyMHByZXV2ZSUyMGQlMjdhdWN1biUyMGFudCVDMyVBOWMlQzMlQTlkZW50JTIwY3JpbWluZWwlMjBvdSUyMG1ldHRyZSUyMGVuJTIwZGFuZ2VyJTIwZGVzJTIwY29uZGl0aW9ucyUyMG0lQzMlQTlkaWNhbGVzJTIwZGUlMjB0b3V0ZSUyMG5hdHVyZSUyMGV0JTIwc3ViaXIlMjB2b2xvbnRhaXJlbWVudCUyMGRlcyUyMHRlc3RzJTIwbSVDMyVBOWRpY2F1eCUyMGF1JTIwYmVzb2luLg==[\/vc_raw_html][\/vc_tta_section][vc_tta_section title=&#8221;Puis-je \u00e9tudier en anglais dans la province canadienne de Qu\u00e9bec?&#8221; tab_id=&#8221;1565466599288-3b58035c-ffd2&#8243;][vc_raw_html]T3VpJTJDJTIwY2VydGFpbmVtZW50LiUyMElsJTIwZXhpc3RlJTIwcGx1c2lldXJzJTIwdW5pdmVyc2l0JUMzJUE5cyUyMHF1aSUyMGVuc2VpZ25lbnQlMjBlbiUyMGFuZ2xhaXMlMjBjb21tZSUyMGxhbmd1ZSUyMHByaW5jaXBhbGUu[\/vc_raw_html][\/vc_tta_section][vc_tta_section title=&#8221;Combien de temps devrai-je attendre pour obtenir un visa \/ permis d&#8217;\u00e9tudes canadien?&#8221; tab_id=&#8221;1471069174211-af55e13d-0172&#8243;][vc_raw_html]TGVzJTIwZCVDMyVBOWxhaXMlMjBkZSUyMHRyYWl0ZW1lbnQlMjB2YXJpZW50LiUyMENlbGElMjBkJUMzJUE5cGVuZCUyMGR1JTIwdHlwZSUyMGRlJTIwZGVtYW5kZSUyMHF1ZSUyMHZvdXMlMjBzb3VtZXR0ZXolMjBldCUyMGRlJTIwbCUyN2VuZHJvaXQlMjBvJUMzJUI5JTIwZWxsZSUyMGVzdCUyMHRyYWl0JUMzJUE5ZS4lMjBIYWJpdHVlbGxlbWVudCUyQyUyMGNlbGElMjBwcmVuZCUyMGVudHJlJTIwMiUyMG1vaXMlMjBldCUyMDQlMjBtb2lzLiUyMENlcnRhaW5zJTIwcHJvZ3JhbW1lcyUyMG4lQzMlQTljZXNzaXRlbnQlMjA5JTIwbW9pcyUyMGF2YW50JTIwbCUyN2FkbWlzc2lvbi4lMEE=[\/vc_raw_html][\/vc_tta_section][\/vc_tta_accordion][\/vc_column][vc_column width=&#8221;1\/2&#8243; css=&#8221;.vc_custom_1471081383034{padding-left: 17px !important;}&#8221;][vc_tta_accordion style=&#8221;outline&#8221; color=&#8221;blue&#8221; spacing=&#8221;10&#8243; gap=&#8221;10&#8243; c_align=&#8221;center&#8221; autoplay=&#8221;2&#8243; c_icon=&#8221;triangle&#8221; c_position=&#8221;right&#8221; active_section=&#8221;&#8221; css_animation=&#8221;fadeInDown&#8221; no_fill=&#8221;true&#8221; collapsible_all=&#8221;true&#8221; title=&#8221;Informations sur le programme&#8221;][vc_tta_section title=&#8221;De quel type de comp\u00e9tence linguistique a-t-on besoin pour \u00eatre accept\u00e9 dans un \u00e9tablissement postsecondaire canadien?&#8221; tab_id=&#8221;1471069197811-6640ea1d-b214&#8243;][vc_raw_html]TGVzJTIwc2NvcmVzJTIwYXUlMjBUT0VGTCUyMCUyOFRlc3QlMjBkJTI3YW5nbGFpcyUyMGNvbW1lJTIwbGFuZ3VlJTIwJUMzJUE5dHJhbmclQzMlQThyZSUyOSUyMHNvbnQlMjBsJTI3ZXhpZ2VuY2UlMjBsaW5ndWlzdGlxdWUlMjBsYSUyMHBsdXMlMjBjb3VyYW50ZSUyMHBvdXIlMjBsZXMlMjB1bml2ZXJzaXQlQzMlQTlzJTIwYW0lQzMlQTlyaWNhaW5lcy4lMjBMZXMlMjByJUMzJUE5c3VsdGF0cyUyMGF1eCUyMGV4YW1lbnMlMjBJRUxUUyUyMCUyOEludGVybmF0aW9uYWwlMjBFbmdsaXNoJTIwTGFuZ3VhZ2UlMjBUZXN0aW5nJTIwU3lzdGVtJTI5JTIwc29udCUyMGwlMjdleGlnZW5jZSUyMGxpbmd1aXN0aXF1ZSUyMGxhJTIwcGx1cyUyMGNvdXJhbnRlJTIwcG91ciUyMGxlcyUyMHVuaXZlcnNpdCVDMyVBOXMlMjBjYW5hZGllbm5lcy4lMjBNYWlzJTIwbGElMjBwbHVwYXJ0JTIwZGVzJTIwdW5pdmVyc2l0JUMzJUE5cyUyMGFjY2VwdGVyb250JTIwbCUyN3VuJTIwb3UlMjBsJTI3YXV0cmUlMjB0ZXN0JTIwY29tbWUlMjBwcmV1dmUlMjBkZSUyMHZvdHJlJTIwbWElQzMlQUV0cmlzZSUyMGRlJTIwbCUyN2FuZ2xhaXMuJTIwVm91cyUyMHBvdXZleiUyMHBhc3NlciUyMGxlcyUyMGV4YW1lbnMlMjBUT0VGTCUyMGV0JTIwSUVMVFMlMjBkYW5zJTIwbGVzJTIwY2VudHJlcyUyMGRlJTIwdGVzdCUyMGR1JTIwbW9uZGUlMjBlbnRpZXIuJTBB[\/vc_raw_html][\/vc_tta_section][vc_tta_section title=&#8221;Quelle est la diff\u00e9rence entre les \u00e9tablissements d&#8217;enseignement postsecondaire priv\u00e9s et publics au Canada?&#8221; tab_id=&#8221;1471069197834-950469cd-f60c&#8221;][vc_raw_html]TGVzJTIwdW5pdmVyc2l0JUMzJUE5cyUyMHB1YmxpcXVlcyUyMHNvbnQlMjBnJUMzJUE5biVDMyVBOXJhbGVtZW50JTIwaW5kJUMzJUE5cGVuZGFudGVzJTIwZGUlMjBsYSUyMHN1cnZlaWxsYW5jZSUyMGdvdXZlcm5lbWVudGFsZSUyMGV0JTIwbmUlMjBuJUMzJUE5Y2Vzc2l0ZW50JTIwcGFzJTIwZCUyN2FjY3IlQzMlQTlkaXRhdGlvbiUyQyUyMHRhbmRpcyUyMHF1ZSUyMGxlcyUyMHVuaXZlcnNpdCVDMyVBOXMlMjBwcml2JUMzJUE5ZXMlMjBzb250JTIwZyVDMyVBOW4lQzMlQTlyYWxlbWVudCUyMHN1cnZlaWxsJUMzJUE5ZXMlMjBwYXIlMjBsZSUyMGNvbnNlaWwlMjBkJTI3JUMzJUE5ZHVjYXRpb24lMjByJUMzJUE5dW5pJTIwcGFyJTIwbCUyNyVDMyU4OXRhdC4lMEE=[\/vc_raw_html][\/vc_tta_section][vc_tta_section title=&#8221;Quelle est la principale diff\u00e9rence entre les universit\u00e9s et les coll\u00e8ges au Canada?&#8221; tab_id=&#8221;1471069197868-7842003a-e0c2&#8243;][vc_raw_html]TGVzJTIwdW5pdmVyc2l0JUMzJUE5cyUyMG9udCUyMGxhJTIwcG9zc2liaWxpdCVDMyVBOSUyMGRlJTIwdHJhaXRlciUyMGluZCVDMyVBOXBlbmRhbW1lbnQlMjBsZXMlMjBxdWVzdGlvbnMlMjBhY2FkJUMzJUE5bWlxdWVzJTIwY29uY2VybmFudCUyMGxlcyUyMHByb2dyYW1tZXMlMkMlMjBsZXMlMjBtJUMzJUE5dGhvZGVzJTIwZXQlMjBsZXMlMjBzdHJhdCVDMyVBOWdpZXMlMjBkJTI3ZW5zZWlnbmVtZW50LiUyMExlcyUyMHVuaXZlcnNpdCVDMyVBOXMlMjBvbnQlMjBsZSUyMHBvdXZvaXIlMjBkJTI3JUMzJUE5dGFibGlyJTIwZGVzJTIwcG9saXRpcXVlcyUyMGV0JTIwZGVzJTIwbm9ybWVzJTIwdW5pdmVyc2l0YWlyZXMlMkMlMjBkJTI3YWRtaXNzaW9uJTIwZXQlMjBkJTI3b2J0ZW50aW9uJTIwZHUlMjBkaXBsJUMzJUI0bWUlMkMlMjBkZSUyMG5vbW1lciUyMGR1JTIwcGVyc29ubmVsJTIwZXQlMjBkJTI3ZW50cmVwcmVuZHJlJTIwbGElMjBwbGFuaWZpY2F0aW9uJTIwYWNhZCVDMyVBOW1pcXVlJTJDJTIwdGFuZGlzJTIwcXVlJTIwbGVzJTIwdW5pdmVyc2l0JUMzJUE5cyUyMHByaXYlQzMlQTllcyUyMHNvbnQlMjBkZXMlMjAlQzMlQTl0YWJsaXNzZW1lbnRzJTIwaG9ycyUyMHByb3ZpbmNlJTIwYXV0b3JpcyVDMyVBOXMlMjAlQzMlQTAlMjBkJUMzJUE5bGl2cmVyJTIwZGVzJTIwZGlwbCVDMyVCNG1lcyUyMGFwciVDMyVBOHMlMjB1biUyMHByb2Nlc3N1cyUyMGQlMjclQzMlQTl2YWx1YXRpb24lMjBkZSUyMGxhJTIwcXVhbGl0JUMzJUE5JTIwbSVDMyVBOXRpY3VsZXV4JTIwcGFyJTIwbGVzJTIwYXV0b3JpdCVDMyVBOXMlMjBnb3V2ZXJuZW1lbnRhbGVzJTIwZCVDMyVBOXNpZ24lQzMlQTllcyUyMHF1aSUyMGRvbm5lciUyMGxlJTIwZmV1JTIwdmVydCUyMCVDMyVBMCUyMGNlcnRhaW5zJTIwZGVnciVDMyVBOXMuJTIwJTNDJTJGYiUzRSUyMCUzQ2JyJTNFJTBBJTBBJUMyJUEwJUMyJUEwJUMyJUEwJUMyJUEwJUMyJUEwJUMyJUEwJUMyJUEwJUMyJUEwJUMyJUEwJUMyJUEwJUMyJUEwJUMyJUEwJUMyJUEwJUMyJUEwJUMyJUEwJUMyJUEwJUMyJUEwJUMyJUEwJUMyJUEwJUMyJUEwJTBBTGVzJTIwY29sbCVDMyVBOGdlcyUyMG9udCUyMGRlcyUyMHByb2dyYW1tZXMlMjBkZSUyMGRpcGwlQzMlQjRtZSUyMGV0JTIwZGUlMjBjZXJ0aWZpY2F0JTIwJUMzJUEwJTIwdGVtcHMlMjBwbGVpbiUyMGV0JTIwJUMzJUEwJTIwdGVtcHMlMjBwYXJ0aWVsLiUyMEJlYXVjb3VwJTIwb2ZmcmVudCUyMCVDMyVBOWdhbGVtZW50JTIwZGVzJTIwZGlwbCVDMyVCNG1lcyUyMGRlJTIwYmFjY2FsYXVyJUMzJUE5YXQlMjBkYW5zJTIwZGVzJTIwZG9tYWluZXMlMjBkJTI3JUMzJUE5dHVkZXMlMjBhcHBsaXF1JUMzJUE5cy4lMjAlM0MlMkZiJTNFJTIwJTNDYnIlM0UlMEElMEElQzIlQTAlQzIlQTAlQzIlQTAlQzIlQTAlMEFMZXMlMjBjb2xsJUMzJUE4Z2VzJTIwdGVuZGVudCUyMCVDMyVBMCUyMCVDMyVBQXRyZSUyMHBsdXMlMjBkaXJlY3RlbWVudCUyMGF4JUMzJUE5cyUyMHN1ciUyMGxhJTIwY2FycmklQzMlQThyZSUyMHF1ZSUyMGxlcyUyMHVuaXZlcnNpdCVDMyVBOXMuJTIwQ2VsYSUyMHNpZ25pZmllJTIwcXUlMjdpbHMlMjBvZmZyZW50JTIwdW5lJTIwZm9ybWF0aW9uJTIwcHJhdGlxdWUlMjBvdSUyMHByYXRpcXVlLiUyMEclQzMlQTluJUMzJUE5cmFsZW1lbnQlMkMlMjB1biUyMHByb2dyYW1tZSUyMGRlJTIwY2VydGlmaWNhdCUyMGVzdCUyMGRlJTIwMSUyMGFuJTIwb3UlMjBtb2lucyUyQyUyMGV0JTIwdW4lMjBwcm9ncmFtbWUlMjBkZSUyMGRpcGwlQzMlQjRtZSUyMGVzdCUyMGRlJTIwMiUyMG91JTIwMyUyMGFucy4lMjAlM0MlMkZiJTNFJTIwJTNDYnIlM0UlMEElMEElMEFMZXMlMjBjb2xsJUMzJUE4Z2VzJTIwb250JTIwJUMzJUE5Z2FsZW1lbnQlMjB1bmUlMjBmb3JtYXRpb24lMjBwciVDMyVBOS1wcm9mZXNzaW9ubmVsbGUlMjBldCUyMGQlMjdhcHByZW50aXNzYWdlJTJDJTIwdW5lJTIwZm9ybWF0aW9uJTIwbGluZ3Vpc3RpcXVlJTIwZXQlMjB1bmUlMjBtaXNlJTIwJUMzJUEwJTIwbml2ZWF1JTIwZGVzJTIwY29tcCVDMyVBOXRlbmNlcy4lMjAlM0MlMkZiJTNFJTIwJTNDYnIlM0UlMEElMEElMEFDZXJ0YWlucyUyMGNvbGwlQzMlQThnZXMlMjBkZSUyMGwlMjdPbnRhcmlvJTIwc2UlMjBjb25jZW50cmVudCUyMHN1ciUyMGwlMjdhZ3JpY3VsdHVyZSUyQyUyMGxlcyUyMHNjaWVuY2VzJTIwZGUlMjBsYSUyMHNhbnQlQzMlQTklMkMlMjBsZXMlMjBhcnRzJTIwb3UlMjBsZXMlMjBwcm9ncmFtbWVzJTIwbWlsaXRhaXJlcy4=[\/vc_raw_html][\/vc_tta_section][vc_tta_section title=&#8221;Ai-je besoin d&#8217;une assurance maladie si je veux \u00e9tudier au Canada?&#8221; tab_id=&#8221;1565467417265-21eced97-8b6f&#8221;][vc_raw_html]JTNDYiUzRSUyME9VSSUyMCUzQyUyRmIlM0UlMjAlM0NiciUzRSUwQVF1YW50JTIwYXV4JTIwJUMzJUE5dHVkaWFudHMlMjBpbnRlcm5hdGlvbmF1eCUyMGF1JTIwQ2FuYWRhJTJDJTIwaWxzJTIwZG9pdmVudCUyMHRvdXMlMjBhdm9pciUyMHVuZSUyMGFzc3VyYW5jZSUyMG1hbGFkaWUlMjBkYW5zJTIwdW4lMjBzZW5zJTIwb3UlMjBkYW5zJTIwbCUyN2F1dHJlLiUwQQ==[\/vc_raw_html][\/vc_tta_section][vc_tta_section title=&#8221;Why should I apply through EduMontreal? &#8221; tab_id=&#8221;1471069295864-7c72d144-3e11&#8243;][vc_raw_html]RWR1TW9udHJlYWwlMjBjb21wdGUlMjBkZXMlMjBwcm9mZXNzaW9ubmVscyUyMGhhdXRlbWVudCUyMHF1YWxpZmklQzMlQTlzJTIwZXQlMjBjb21wJUMzJUE5dGVudHMlMjBkdSUyMHN5c3QlQzMlQThtZSUyMGQlMjclQzMlQTlkdWNhdGlvbiUyMGNhbmFkaWVuLiUwQSUzQyUyRmIlM0UlMjAlM0NiciUzRSUwQURlJTIwcGx1cyUyQyUyMG5vdXMlMjBhdm9ucyUyMGRlcyUyMGFjY29yZHMlMjBleGNsdXNpZnMlMjBhdmVjJTIwbGElMjBwbHVwYXJ0JTIwZGVzJTIwJUMzJUE5Y29sZXMlMjBldCUyMHVuaXZlcnNpdCVDMyVBOXMlMjBjYW5hZGllbm5lcy4lMEElMEElM0MlMkZiJTNFJTIwJTNDYnIlM0UlMEFFZHVNb250cmVhbCUyMHZvdXMlMjBvZmZyZSUyMGRlcyUyMHNlcnZpY2VzJTIwZGUlMjB0cmFpdGVtZW50JTIwY29tcGxldHMlMjBkYW5zJTIwdm90cmUlMjBwYXlzJTIwZCUyN29yaWdpbmUlMjAlMjhyJUMzJUE5Z2lvbiUyMGR1JTIwTW95ZW4tT3JpZW50JTIwZXQlMjBkZSUyMGwlMjdBZnJpcXVlJTIwZHUlMjBOb3JkJTI5JTIwYWluc2klMjBxdSUyN2F1JTIwQ2FuYWRhLiUwQSUzQyUyRmIlM0UlMjAlM0NiciUzRSUwQSUzQ2IlM0UlMjBQb3VyJTIwZyVDMyVBOXJlciUyMHZvdHJlJTIwcHJvY2Vzc3VzJTIwZGUlMjBjYW5kaWRhdHVyZSUyMGNvbXBsZXQlMkMlMjB2b3VzJTIwcG91dmV6JTIwY3IlQzMlQTllciUyMHVuJTIwY29tcHRlJTIwJTNDYSUyMGhyZWYlM0QlMjJodHRwJTNBJTJGJTJGYXBwbGljYXRpb24uZWR1bW9udHJlYWwuY2ElMjIlM0UlMjAlM0NiJTNFJTIwaWNpLiUyMCUzQyUyRmIlM0UlMjAlM0NiciUzRSUzQyUyRmElM0U=[\/vc_raw_html][\/vc_tta_section][\/vc_tta_accordion][\/vc_column][\/vc_row][vc_row css=&#8221;.vc_custom_1471081202363{margin-bottom: 5px !important;padding-top: 45px !important;}&#8221;][vc_column][vc_separator color=&#8221;custom&#8221; accent_color=&#8221;#eeeeee&#8221;][\/vc_column][\/vc_row][vc_row full_width=&#8221;stretch_row&#8221; gap=&#8221;2&#8243; css_animation=&#8221;fadeIn&#8221; css=&#8221;.vc_custom_1584862919315{margin-bottom: 0px !important;}&#8221;][vc_column css_animation=&#8221;flipInX&#8221;][vc_raw_html]JTNDZGl2JTIwY2xhc3MlM0QlMjJ0aGltLWNvbnRhY3QtZmFxcyUyMHRleHQtY2VudGVyJTIyJTNFJTBBJTNDaDQlM0VOJTI3YSUyMHBhcyUyMHRyb3V2JUMzJUE5JTIwbGElMjByJUMzJUE5cG9uc2UlM0YlM0MlMkZoNCUzRSUwQSU1QmNvbnRhY3QtZm9ybS03JTIwaWQlM0QlMjI0JTIyJTIwdGl0bGUlM0QlMjJDb250YWN0JTIwZm9ybSUyMDElMjIlNUQlMEElM0MlMkZkaXYlM0U=[\/vc_raw_html][\/vc_column][\/vc_row]<\/p>\n<\/div>","protected":false},"excerpt":{"rendered":"<p>[vc_row css_animation=&#8221;fadeInLeft&#8221; css=&#8221;.vc_custom_1576575582042{padding-top: 30px !important;}&#8221;][vc_column][\/vc_column][\/vc_row][vc_row full_width=&#8221;stretch_row&#8221;][vc_column width=&#8221;1\/2&#8243; css=&#8221;.vc_custom_1565469859719{padding-right: 17px !important;}&#8221;][vc_tta_accordion style=&#8221;outline&#8221; color=&#8221;blue&#8221; spacing=&#8221;15&#8243; gap=&#8221;10&#8243; autoplay=&#8221;3&#8243; c_icon=&#8221;chevron&#8221; c_position=&#8221;right&#8221; active_section=&#8221;&#8221; css_animation=&#8221;fadeInUp&#8221; collapsible_all=&#8221;true&#8221; title=&#8221;Informations g\u00e9n\u00e9rales&#8221;][vc_tta_section title=&#8221;Pourquoi \u00e9tudier au Canada?&#8221; tab_id=&#8221;1471069040084-8d396222-72d6&#8243;][vc_raw_html]TGUlMjBDYW5hZGElMjBvZmZyZSUyMHVuZSUyMCVDMyVBOWR1Y2F0aW9uJTIwZGUlMjB0ciVDMyVBOHMlMjBoYXV0ZSUyMHF1YWxpdCVDMyVBOSUyMGF2ZWMlMjBkZXMlMjBmcmFpcyUyMGRlJTIwc2NvbGFyaXQlQzMlQTklMjBmYWlibGVzJTIwcGFyJTIwcmFwcG9ydCUyMCVDMyVBMCUyMGQlMjdhdXRyZXMlMjBwYXlzJTJDJTIwZW4lMjBwbHVzJTIwcXVlJTIwbGUlMjBDYW5hZGElMjBzb2l0JTIwdW4lMjBwYXlzJTIwYmlsaW5ndWUlMkMlMjB2b3VzJTIwcG91dmV6JTIwZG9uYyUyMGFtJUMzJUE5bGlvcmVyJTIwdm90cmUlMjBtYSVDMyVBRXRyaXNlJTIwZGVzJTIwZGV1eCUyMGxhbmd1ZXMlMkMlMjBhbmdsYWlzJTIwZXQlMjBmcmFuJUMzJUE3YWlzLiUwQSUwQSUzQyUyRmIlM0UlMjAlM0NiciUzRSUwQVVuZSUyMCVDMyVBOWR1Y2F0aW9uJTIwZGUlMjBxdWFsaXQlQzMlQTklMjAlQzMlQTAlMjB1biUyMHByaXglMjBhYm9yZGFibGUlMjAlM0MlMkZiJTNFJTIwJTNDYnIlM0UlMEFVbmUlMjBzb2NpJUMzJUE5dCVDMyVBOSUyMG11bHRpY3VsdHVyZWxsZSUyMCUzQyUyRmIlM0UlMjAlM0NiciUzRSUwQUV4Y2VsbGVudCUyMHN0eWxlJTIwZGUlMjB2aWUlMjBldCUyMGNvbW11bmF1dCVDMyVBOXMlMjBzJUMzJUJCcmVzJTIwJTNDJTJGYiUzRSUyMCUzQ2JyJTNFJTBBJTNDYSUyMGhyZWYlM0QlMjJodHRwcyUzQSUyRiUyRnd3dy5jYW5hZGEuY2ElMkZmciUyRmltbWlncmF0aW9uLXJlZnVnZWVzLWNpdGl6ZW5zaGlwJTJGc2VydmljZXMlMkZzdHVkeS1jYW5hZGElMkZ3b3JrJTJGaW50ZXJuLmh0bWwlMjIlM0UlMjBQb3NzaWJpbGl0JUMzJUE5cyUyMGRlJTIwdHJhdmFpbCUyMCUzQyUyRmIlM0UlMjAlM0NiciUzRSUwQSUzQ2ElMjBocmVmJTNEJTIyaHR0cHMlM0ElMkYlMkZ3d3cuY2FuYWRhLmNhJTJGZnIlMkZpbW1pZ3JhdGlvbi1yZWZ1Z2Vlcy1jaXRpemVuc2hpcCUyRnNlcnZpY2VzJTJGaW1taWdyYXRlLWNhbmFkYS5odG1sJTIyJTNFJTIwT3Bwb3J0dW5pdCVDMyVBOSUyMGQlMjdpbW1pZ3JhdGlvbiUyMCUzQyUyRmIlM0UlMjAlM0NiciUzRQ==[\/vc_raw_html][\/vc_tta_section][vc_tta_section title=&#8221;De quel type de documentation et de qualifications aurai-je besoin pour demander un &hellip; <\/p>\n","protected":false},"author":1,"featured_media":0,"parent":0,"menu_order":0,"comment_status":"closed","ping_status":"closed","template":"","meta":{"_bbp_topic_count":0,"_bbp_reply_count":0,"_bbp_total_topic_count":0,"_bbp_total_reply_count":0,"_bbp_voice_count":0,"_bbp_anonymous_reply_count":0,"_bbp_topic_count_hidden":0,"_bbp_reply_count_hidden":0,"_bbp_forum_subforum_count":0,"footnotes":""},"class_list":["post-91","page","type-page","status-publish","hentry"],"_links":{"self":[{"href":"https:\/\/edumontreal.ca\/fr\/wp-json\/wp\/v2\/pages\/91"}],"collection":[{"href":"https:\/\/edumontreal.ca\/fr\/wp-json\/wp\/v2\/pages"}],"about":[{"href":"https:\/\/edumontreal.ca\/fr\/wp-json\/wp\/v2\/types\/page"}],"author":[{"embeddable":true,"href":"https:\/\/edumontreal.ca\/fr\/wp-json\/wp\/v2\/users\/1"}],"replies":[{"embeddable":true,"href":"https:\/\/edumontreal.ca\/fr\/wp-json\/wp\/v2\/comments?post=91"}],"version-history":[{"count":0,"href":"https:\/\/edumontreal.ca\/fr\/wp-json\/wp\/v2\/pages\/91\/revisions"}],"wp:attachment":[{"href":"https:\/\/edumontreal.ca\/fr\/wp-json\/wp\/v2\/media?parent=91"}],"curies":[{"name":"wp","href":"https:\/\/api.w.org\/{rel}","templated":true}]}}